{"id":22818,"date":"2024-06-11T22:24:10","date_gmt":"2024-06-11T19:24:10","guid":{"rendered":"http:\/\/canercelebi.com\/ProAsist\/?page_id=22818"},"modified":"2024-12-11T15:33:36","modified_gmt":"2024-12-11T12:33:36","slug":"vizyon-ve-misyonumuz","status":"publish","type":"page","link":"https:\/\/proasist.com.tr\/?page_id=22818","title":{"rendered":"Vizyonumuz ve Misyonumuz"},"content":{"rendered":"<section class=\"wpb-content-wrapper\"><section data-vc-full-width=\"true\" data-vc-full-width-init=\"false\" data-parallax-background-ratio=\"0.7\" class=\"vc_row wpb_row vc_row-fluid  vc_custom_1730724884329 vc_row-has-fill pofo-stretch-content pofo-stretch-row-container parallax pofo-row-responsive-69f57e4eeea5c\"><div class=\"bg-extra-dark-gray bg-overlay\" style=\"opacity:0.7; background-color:rgba(0,0,0,0.47); \"><\/div><div class=\"wpb_column vc_column_container full-screen vc_col-sm-12 vc_col-lg-12 vc_col-md-7 vc_hidden-sm col-xs-mobile-fullwidth text-center\"><div class=\"vc_column-inner \"><div class=\"wpb_wrapper\"><h6 class=\"text-extra-dark-gray margin-20px-bottom font-weight-600 display-inline-block alt-font dynamic-font-size text-none heading-style2  vc_custom_1715631994749 pofo-button-responsive-69f57e4eeebeb  heading-1\"  style=\"font-weight: 400; font-style: italic; color: #ffffff;\">Kesintisiz ya\u015fam ak\u0131\u015f\u0131n\u0131 sa\u011flamak<\/h6>[vc_empty_space height=&#8221;5px&#8221;]<h1 class=\"text-extra-dark-gray margin-20px-bottom font-weight-600 display-inline-block alt-font dynamic-font-size text-none heading-style2 pofo-button-responsive-69f57e4eeec3e  heading-2\"  style=\"font-weight: 700; color: #ffffff;\">Vizyonumuz ve Misyonumuz<\/h1><\/div><\/div><\/div><\/section><div class=\"vc_row-full-width vc_clearfix\"><\/div><section data-vc-full-width=\"true\" data-vc-full-width-init=\"false\" class=\"vc_row wpb_row vc_row-fluid   wow fadeIn pofo-stretch-content pofo-stretch-row-container\"><div class=\"wpb_column vc_column_container vc_col-sm-1 vc_col-lg-2 vc_col-md-2 vc_hidden-xs col-xs-mobile-fullwidth\"><div class=\"vc_column-inner \"><div class=\"wpb_wrapper\"><\/div><\/div><\/div><div class=\"wpb_column vc_column_container vc_col-sm-10 vc_col-lg-8 vc_col-md-8 vc_col-xs-12 text-center\"><div class=\"vc_column-inner \"><div class=\"wpb_wrapper\">[vc_custom_heading text=&#8221;Vizyonumuz&#8221; font_container=&#8221;tag:h4|text_align:center&#8221; google_fonts=&#8221;font_family:Roboto%3A100%2C100italic%2C300%2C300italic%2Cregular%2Citalic%2C500%2C500italic%2C700%2C700italic%2C900%2C900italic|font_style:400%20regular%3A400%3Anormal&#8221;]<div class=\"last-paragraph-no-margin\"><section id=\"durak1\" class=\"wow fadeIn\">\n<div class=\"container\">\n<div class=\"row\">\n<div class=\"col-lg-10 center-col text-center\">\n<h6>Teknik hizmetler sekt\u00f6r\u00fcnde lider, global, dijital bir platform olmak.<\/h6>\n<\/div>\n<\/div>\n<\/div>\n<\/section>\n<\/div><\/div><\/div><\/div><div class=\"wpb_column vc_column_container vc_col-sm-1 vc_col-lg-2 vc_col-md-2 vc_hidden-xs col-xs-mobile-fullwidth\"><div class=\"vc_column-inner \"><div class=\"wpb_wrapper\"><\/div><\/div><\/div><\/section><div class=\"vc_row-full-width vc_clearfix\"><\/div><section data-parallax-background-ratio=\"0.7\" class=\"vc_row wpb_row vc_row-fluid  vc_custom_1733868840975 vc_row-has-fill vc_row-o-full-height vc_row-o-columns-middle vc_row-flex parallax\"><div class=\"bg-extra-dark-gray bg-overlay\" style=\"opacity:0.7; \"><\/div><div class=\"wpb_column vc_column_container vc_col-sm-12  col-xs-mobile-fullwidth\"><div class=\"vc_column-inner \"><div class=\"wpb_wrapper\"><div class=\"blockquote-style-3\"><div class=\"bg-deep-pink text-center md-width-70 xs-width-85 padding-50px-all xs-padding-45px-tb xs-padding-25px-lr block-4 width-50 absolute-middle-center z-index-5\" style=\"background-color: rgba(255,255,255,0.81);\"><h5 class=\"font-weight-300 no-margin-bottom text-white \" style=\"font-size: 16; font-weight: 400; color: #000000;\" data-fontsize=\"16\">Misyonumuz <br \/> <br \/> <br \/> Empati k\u00fclt\u00fcr\u00fcm\u00fcz ile payda\u015flar\u0131m\u0131za kesintisiz teknik hizmetler sunarak konfor sa\u011flamak.<\/h5><\/div><\/div><\/div><\/div><\/div><\/section><section data-vc-full-width=\"true\" data-vc-full-width-init=\"false\" class=\"vc_row wpb_row vc_row-fluid   pofo-stretch-content pofo-stretch-row-container\"><div class=\"wpb_column vc_column_container vc_col-sm-3  col-xs-mobile-fullwidth\"><div class=\"vc_column-inner \"><div class=\"wpb_wrapper\"><\/div><\/div><\/div><div class=\"wpb_column vc_column_container vc_col-sm-6  col-xs-mobile-fullwidth\"><div class=\"vc_column-inner \"><div class=\"wpb_wrapper\"><video muted controls playsinline class=\"pofo-html5-video\"><source type=\"video\/mp4\" src=\"http:\/\/proasist.com.tr\/wp-content\/uploads\/2024\/05\/proasist-mood.mp4\"><\/video><\/div><\/div><\/div><div class=\"wpb_column vc_column_container vc_col-sm-3  col-xs-mobile-fullwidth\"><div class=\"vc_column-inner \"><div class=\"wpb_wrapper\"><\/div><\/div><\/div><\/section><div class=\"vc_row-full-width vc_clearfix\"><\/div>\n<\/section>","protected":false},"excerpt":{"rendered":"Kesintisiz ya\u015fam ak\u0131\u015f\u0131n\u0131 sa\u011flamak[vc_empty_space height=\"5px\"]Vizyonumuz ve Misyonumuz[vc_custom_heading text=\"Vizyonumuz\" font_container=\"tag:h4|text_align:center\" google_fonts=\"font_family:Roboto%3A100%2C100italic%2C300%2C300italic%2Cregular%2Citalic%2C500%2C500italic%2C700%2C700italic%2C900%2C900italic|font_style:400%20regular%3A400%3Anormal\"] Teknik hizmetler sekt\u00f6r\u00fcnde lider, global, dijital bir platform olmak. Misyonumuz Empati k\u00fclt\u00fcr\u00fcm\u00fcz ile payda\u015flar\u0131m\u0131za kesintisiz teknik hizmetler sunarak konfor sa\u011flamak.","protected":false},"author":1,"featured_media":0,"parent":0,"menu_order":0,"comment_status":"closed","ping_status":"closed","template":"","meta":{"footnotes":""},"class_list":["post-22818","page","type-page","status-publish","hentry"],"aioseo_notices":[],"_links":{"self":[{"href":"https:\/\/proasist.com.tr\/index.php?rest_route=\/wp\/v2\/pages\/22818","targetHints":{"allow":["GET"]}}],"collection":[{"href":"https:\/\/proasist.com.tr\/index.php?rest_route=\/wp\/v2\/pages"}],"about":[{"href":"https:\/\/proasist.com.tr\/index.php?rest_route=\/wp\/v2\/types\/page"}],"author":[{"embeddable":true,"href":"https:\/\/proasist.com.tr\/index.php?rest_route=\/wp\/v2\/users\/1"}],"replies":[{"embeddable":true,"href":"https:\/\/proasist.com.tr\/index.php?rest_route=%2Fwp%2Fv2%2Fcomments&post=22818"}],"version-history":[{"count":20,"href":"https:\/\/proasist.com.tr\/index.php?rest_route=\/wp\/v2\/pages\/22818\/revisions"}],"predecessor-version":[{"id":23859,"href":"https:\/\/proasist.com.tr\/index.php?rest_route=\/wp\/v2\/pages\/22818\/revisions\/23859"}],"wp:attachment":[{"href":"https:\/\/proasist.com.tr\/index.php?rest_route=%2Fwp%2Fv2%2Fmedia&parent=22818"}],"curies":[{"name":"wp","href":"https:\/\/api.w.org\/{rel}","templated":true}]}}