{"id":22907,"date":"2024-06-12T00:57:23","date_gmt":"2024-06-11T21:57:23","guid":{"rendered":"http:\/\/canercelebi.com\/ProAsist\/?page_id=22907"},"modified":"2024-12-11T15:44:57","modified_gmt":"2024-12-11T12:44:57","slug":"kariyer","status":"publish","type":"page","link":"https:\/\/proasist.com.tr\/?page_id=22907","title":{"rendered":"Kariyer"},"content":{"rendered":"<section class=\"wpb-content-wrapper\"><section data-vc-full-width=\"true\" data-vc-full-width-init=\"false\" data-vc-stretch-content=\"true\" data-parallax-background-ratio=\"0.5\" class=\"vc_row wpb_row vc_row-fluid  vc_custom_1730725396236 vc_row-has-fill pofo-stretch-content parallax pofo-row-responsive-69f59e855a549\"><div class=\"bg-extra-dark-gray bg-overlay\" style=\"opacity:0.7; background-color:rgba(0,0,0,0.47); \"><\/div><div class=\"wpb_column vc_column_container full-screen vc_col-sm-12 vc_col-lg-12 vc_col-md-7 vc_hidden-sm col-xs-mobile-fullwidth text-center\"><div class=\"vc_column-inner \"><div class=\"wpb_wrapper\"><h6 class=\"text-extra-dark-gray margin-20px-bottom font-weight-600 display-inline-block alt-font dynamic-font-size text-none heading-style2  vc_custom_1718143018719 pofo-button-responsive-69f59e855a6c4  heading-1\"  style=\"font-weight: 400; font-style: italic; color: #ffffff;\">Gelece\u011finize yat\u0131r\u0131m yap\u0131n<\/h6>[vc_empty_space height=&#8221;5px&#8221;]<h1 class=\"text-extra-dark-gray margin-20px-bottom font-weight-600 display-inline-block alt-font dynamic-font-size text-none heading-style2 pofo-button-responsive-69f59e855a714  heading-2\"  style=\"font-weight: 700; color: #ffffff;\">Kariyer<\/h1><\/div><\/div><\/div><\/section><div class=\"vc_row-full-width vc_clearfix\"><\/div><section class=\"vc_row wpb_row vc_row-fluid   wow fadeIn\"><div class=\"wpb_column vc_column_container vc_col-sm-1 vc_col-lg-2 vc_col-md-2 vc_hidden-xs col-xs-mobile-fullwidth\"><div class=\"vc_column-inner \"><div class=\"wpb_wrapper\"><\/div><\/div><\/div><div class=\"wpb_column vc_column_container vc_col-sm-10 vc_col-lg-8 vc_col-md-8 vc_col-xs-12 text-center\"><div class=\"vc_column-inner \"><div class=\"wpb_wrapper\"><div class=\"testimonial-3 testimonial-style-3\"><i class=\"fa-solid fa-quote-left icon-small text-deep-pink display-block margin-25px-bottom \"><\/i><h5 class=\"alt-font text-extra-dark-gray font-weight-300\">Bizi biz yapan en de\u011ferli \u00f6zelliklerimiz, \u00e7\u00f6z\u00fcm \u00fcretmeye olan ba\u011fl\u0131l\u0131\u011f\u0131m\u0131z, yenili\u011fe olan bitmek bilmeyen hevesimiz, empati k\u00fclt\u00fcr\u00fcm\u00fcz, i\u00e7selle\u015ftirilmi\u015f m\u00fc\u015fteri mutlulu\u011fu yakla\u015f\u0131m\u0131m\u0131z, teknik konulardaki yetkinli\u011fimiz, detaylara verdi\u011fimiz \u00f6nem, geli\u015fime a\u00e7\u0131kl\u0131\u011f\u0131m\u0131z ve el eme\u011fine duydu\u011fumuz sayg\u0131.<\/p>\n<p>Siz de benzer de\u011ferleri payla\u015f\u0131yor, \u015firketlerin ya\u015fam\u0131nda \u00f6nemli bir rol oynamak istiyorsan\u0131z, l\u00fctfen bizimle ileti\u015fime ge\u00e7in.<br \/>\n<strong>Sizi de aram\u0131zda g\u00f6rmeyi isteriz.<\/strong><\/h5><\/div><\/div><\/div><\/div><div class=\"wpb_column vc_column_container vc_col-sm-1 vc_col-lg-2 vc_col-md-2 vc_hidden-xs col-xs-mobile-fullwidth\"><div class=\"vc_column-inner \"><div class=\"wpb_wrapper\"><\/div><\/div><\/div><\/section><section class=\"vc_row wpb_row vc_row-fluid\"><div class=\"wpb_column vc_column_container vc_col-sm-12  col-xs-mobile-fullwidth\"><div class=\"vc_column-inner \"><div class=\"wpb_wrapper\"><div class=\"last-paragraph-no-margin\"><h3 style=\"text-align: center;\"><a href=\"https:\/\/www.kariyer.net\/is-ilanlari?fpi=177245&amp;hc=T\" target=\"_blank\" rel=\"noopener\">Aktif \u0130\u015f \u0130lanlar\u0131 i\u00e7in Linke T\u0131klayabilirsiniz!<\/a><\/h3>\n<\/div><\/div><\/div><\/div><\/section>\n<\/section>","protected":false},"excerpt":{"rendered":"Gelece\u011finize yat\u0131r\u0131m yap\u0131n[vc_empty_space height=\"5px\"]KariyerBizi biz yapan en de\u011ferli \u00f6zelliklerimiz, \u00e7\u00f6z\u00fcm \u00fcretmeye olan ba\u011fl\u0131l\u0131\u011f\u0131m\u0131z, yenili\u011fe olan bitmek bilmeyen hevesimiz, empati k\u00fclt\u00fcr\u00fcm\u00fcz, i\u00e7selle\u015ftirilmi\u015f m\u00fc\u015fteri mutlulu\u011fu yakla\u015f\u0131m\u0131m\u0131z, teknik konulardaki yetkinli\u011fimiz, detaylara verdi\u011fimiz \u00f6nem, geli\u015fime a\u00e7\u0131kl\u0131\u011f\u0131m\u0131z ve el eme\u011fine duydu\u011fumuz sayg\u0131. Siz de benzer de\u011ferleri payla\u015f\u0131yor, \u015firketlerin ya\u015fam\u0131nda \u00f6nemli bir rol oynamak istiyorsan\u0131z, l\u00fctfen bizimle ileti\u015fime ge\u00e7in. Sizi de aram\u0131zda g\u00f6rmeyi isteriz.Aktif \u0130\u015f \u0130lanlar\u0131 i\u00e7in Linke T\u0131klayabilirsiniz!","protected":false},"author":1,"featured_media":0,"parent":0,"menu_order":0,"comment_status":"closed","ping_status":"closed","template":"","meta":{"footnotes":""},"class_list":["post-22907","page","type-page","status-publish","hentry"],"aioseo_notices":[],"_links":{"self":[{"href":"https:\/\/proasist.com.tr\/index.php?rest_route=\/wp\/v2\/pages\/22907","targetHints":{"allow":["GET"]}}],"collection":[{"href":"https:\/\/proasist.com.tr\/index.php?rest_route=\/wp\/v2\/pages"}],"about":[{"href":"https:\/\/proasist.com.tr\/index.php?rest_route=\/wp\/v2\/types\/page"}],"author":[{"embeddable":true,"href":"https:\/\/proasist.com.tr\/index.php?rest_route=\/wp\/v2\/users\/1"}],"replies":[{"embeddable":true,"href":"https:\/\/proasist.com.tr\/index.php?rest_route=%2Fwp%2Fv2%2Fcomments&post=22907"}],"version-history":[{"count":10,"href":"https:\/\/proasist.com.tr\/index.php?rest_route=\/wp\/v2\/pages\/22907\/revisions"}],"predecessor-version":[{"id":23860,"href":"https:\/\/proasist.com.tr\/index.php?rest_route=\/wp\/v2\/pages\/22907\/revisions\/23860"}],"wp:attachment":[{"href":"https:\/\/proasist.com.tr\/index.php?rest_route=%2Fwp%2Fv2%2Fmedia&parent=22907"}],"curies":[{"name":"wp","href":"https:\/\/api.w.org\/{rel}","templated":true}]}}