{"id":22915,"date":"2024-06-12T01:27:26","date_gmt":"2024-06-11T22:27:26","guid":{"rendered":"http:\/\/canercelebi.com\/ProAsist\/?page_id=22915"},"modified":"2024-12-10T03:34:15","modified_gmt":"2024-12-10T00:34:15","slug":"etkinliklerimiz","status":"publish","type":"page","link":"https:\/\/proasist.com.tr\/?page_id=22915","title":{"rendered":"Etkinliklerimiz"},"content":{"rendered":"<section class=\"wpb-content-wrapper\"><section data-vc-full-width=\"true\" data-vc-full-width-init=\"false\" data-vc-stretch-content=\"true\" data-parallax-background-ratio=\"0.5\" class=\"vc_row wpb_row vc_row-fluid  vc_custom_1730728735641 vc_row-has-fill pofo-stretch-content parallax pofo-row-responsive-69fd2f5e9a6cf\"><div class=\"bg-extra-dark-gray bg-overlay\" style=\"opacity:0.7; background-color:rgba(0,0,0,0.47); \"><\/div><div class=\"wpb_column vc_column_container full-screen vc_col-sm-12 vc_col-lg-12 vc_col-md-7 vc_hidden-sm col-xs-mobile-fullwidth text-center\"><div class=\"vc_column-inner \"><div class=\"wpb_wrapper\"><h6 class=\"text-extra-dark-gray margin-20px-bottom font-weight-600 display-inline-block alt-font dynamic-font-size text-none heading-style2  vc_custom_1719674963712 pofo-button-responsive-69fd2f5e9a7bd  heading-1\"  style=\"font-weight: 400; color: #ffffff;\">Ya\u015famdan g\u00f6r\u00fcnt\u00fcler<\/h6>[vc_empty_space height=&#8221;5px&#8221;]<h1 class=\"text-extra-dark-gray margin-20px-bottom font-weight-600 display-inline-block alt-font dynamic-font-size text-none heading-style2 pofo-button-responsive-69fd2f5e9a80c  heading-2\"  style=\"font-weight: 700; color: #ffffff;\">Etkinliklerimiz<\/h1><\/div><\/div><\/div><\/section><div class=\"vc_row-full-width vc_clearfix\"><\/div><section data-vc-full-width=\"true\" data-vc-full-width-init=\"false\" class=\"vc_row wpb_row vc_row-fluid   position-relative pofo-stretch-content pofo-stretch-row-container vc_row-o-content-middle vc_row-flex\"><div class=\"wpb_column vc_column_container vc_col-sm-12  col-xs-mobile-fullwidth\"><div class=\"vc_column-inner \"><div class=\"wpb_wrapper\"><h1 class=\"margin-100px-bottom xs-margin-40px-bottom font-weight-600 display-inline-block dynamic-font-size text-extra-small text-outside-line text-capitalize heading-style5  vc_custom_1719680937304 pofo-button-responsive-69fd2f5e9a8ee  heading-3\"  style=\"font-size: 18px; font-weight: 500; color: #424242;\" data-fontsize=\"18px\">3 MAYIS 2019 DE\u011eER ORTAKLARI BULU\u015eMASI<\/h1>[vc_gallery type=&#8221;image_grid&#8221; images=&#8221;22917,22918,22919,22920,22921,22922,22923,22924,22925,22926,22927,22928,22929,22930,22931,22932,22933,22934,22935,22936,22937&#8243; img_size=&#8221;medium&#8221; css=&#8221;.vc_custom_1719678363941{padding-right: 100px !important;padding-left: 100px !important;}&#8221;]<\/div><\/div><\/div><\/section><div class=\"vc_row-full-width vc_clearfix\"><\/div><section data-vc-full-width=\"true\" data-vc-full-width-init=\"false\" class=\"vc_row wpb_row vc_row-fluid   position-relative pofo-stretch-content pofo-stretch-row-container vc_row-o-content-middle vc_row-flex\"><div class=\"wpb_column vc_column_container vc_col-sm-12  col-xs-mobile-fullwidth\"><div class=\"vc_column-inner \"><div class=\"wpb_wrapper\"><h1 class=\"margin-100px-bottom xs-margin-40px-bottom font-weight-600 display-inline-block dynamic-font-size text-extra-small text-outside-line text-capitalize heading-style5  vc_custom_1719681011940 pofo-button-responsive-69fd2f5e9a9d3  heading-4\"  style=\"font-size: 18px; font-weight: 500; color: #424242;\" data-fontsize=\"18px\">B\u0130NA VE TES\u0130S Y\u00d6NET\u0130M FUARI 3-6 N\u0130SAN 2019<\/h1>[vc_gallery type=&#8221;image_grid&#8221; images=&#8221;22979,22980,22981,22982,22983,22984,22985,22986,22987,22988,22989,22990,22991,22992,22993,22994,22995,22996,22997,22998,22999,23000&#8243; img_size=&#8221;medium&#8221; css=&#8221;.vc_custom_1719682019294{padding-right: 100px !important;padding-left: 100px !important;}&#8221;]<\/div><\/div><\/div><\/section><div class=\"vc_row-full-width vc_clearfix\"><\/div><section data-vc-full-width=\"true\" data-vc-full-width-init=\"false\" class=\"vc_row wpb_row vc_row-fluid   position-relative pofo-stretch-content pofo-stretch-row-container vc_row-o-content-middle vc_row-flex\"><div class=\"wpb_column vc_column_container vc_col-sm-12  col-xs-mobile-fullwidth\"><div class=\"vc_column-inner \"><div class=\"wpb_wrapper\"><h1 class=\"margin-100px-bottom xs-margin-40px-bottom font-weight-600 display-inline-block dynamic-font-size text-extra-small text-outside-line text-capitalize heading-style5  vc_custom_1719682056025 pofo-button-responsive-69fd2f5e9aaa5  heading-5\"  style=\"font-size: 18px; font-weight: 500; color: #424242;\" data-fontsize=\"18px\">MARKA STRATEJ\u0130S\u0130 F\u0130RMA \u0130\u00c7\u0130 LANSMAN 19 OCAK 2019<\/h1>[vc_gallery type=&#8221;image_grid&#8221; images=&#8221;23001,23002,23003,23004,23005,23006,23007,23008,23009,23010,23011,23012,23013,23014,23015,23016,23017,23018&#8243; img_size=&#8221;medium&#8221; css=&#8221;.vc_custom_1719682030867{padding-right: 100px !important;padding-left: 100px !important;}&#8221;]<\/div><\/div><\/div><\/section><div class=\"vc_row-full-width vc_clearfix\"><\/div><section data-vc-full-width=\"true\" data-vc-full-width-init=\"false\" class=\"vc_row wpb_row vc_row-fluid   position-relative pofo-stretch-content pofo-stretch-row-container vc_row-o-content-middle vc_row-flex\"><div class=\"wpb_column vc_column_container vc_col-sm-12  col-xs-mobile-fullwidth\"><div class=\"vc_column-inner \"><div class=\"wpb_wrapper\"><h1 class=\"margin-100px-bottom xs-margin-40px-bottom font-weight-600 display-inline-block dynamic-font-size text-extra-small text-outside-line text-capitalize heading-style5  vc_custom_1719682060514 pofo-button-responsive-69fd2f5e9ab71  heading-6\"  style=\"font-size: 18px; font-weight: 500; color: #424242;\" data-fontsize=\"18px\">B\u0130NA VE TES\u0130S Y\u00d6NET\u0130M FUARI 9-11 MAYIS 2018<\/h1>[vc_gallery type=&#8221;image_grid&#8221; images=&#8221;23020,23021,23022,23023,23024&#8243; img_size=&#8221;medium&#8221; css=&#8221;.vc_custom_1719682050680{padding-right: 100px !important;padding-left: 100px !important;}&#8221;]<\/div><\/div><\/div><\/section><div class=\"vc_row-full-width vc_clearfix\"><\/div><section data-vc-full-width=\"true\" data-vc-full-width-init=\"false\" class=\"vc_row wpb_row vc_row-fluid   position-relative pofo-stretch-content pofo-stretch-row-container vc_row-o-content-middle vc_row-flex\"><div class=\"wpb_column vc_column_container vc_col-sm-12  col-xs-mobile-fullwidth\"><div class=\"vc_column-inner \"><div class=\"wpb_wrapper\"><h1 class=\"margin-100px-bottom xs-margin-40px-bottom font-weight-600 display-inline-block dynamic-font-size text-extra-small text-outside-line text-capitalize heading-style5  vc_custom_1719682272825 pofo-button-responsive-69fd2f5e9ac38  heading-7\"  style=\"font-size: 18px; font-weight: 500; color: #424242;\" data-fontsize=\"18px\">\u00c7\u00d6Z\u00dcM ORTAKLARI BULU\u015eMASI 27 N\u0130SAN 2018<\/h1>[vc_gallery type=&#8221;image_grid&#8221; images=&#8221;23030,23031,23032,23033,23034,23035,23036,23037,23038,23039,23040,23041,23042&#8243; img_size=&#8221;medium&#8221; css=&#8221;.vc_custom_1719682265716{padding-right: 100px !important;padding-left: 100px !important;}&#8221;]<\/div><\/div><\/div><\/section><div class=\"vc_row-full-width vc_clearfix\"><\/div>\n<\/section>","protected":false},"excerpt":{"rendered":"Ya\u015famdan g\u00f6r\u00fcnt\u00fcler[vc_empty_space height=\"5px\"]Etkinliklerimiz3 MAYIS 2019 DE\u011eER ORTAKLARI BULU\u015eMASI[vc_gallery type=\"image_grid\" images=\"22917,22918,22919,22920,22921,22922,22923,22924,22925,22926,22927,22928,22929,22930,22931,22932,22933,22934,22935,22936,22937\" img_size=\"medium\" css=\".vc_custom_1719678363941{padding-right: 100px !important;padding-left: 100px !important;}\"]B\u0130NA VE TES\u0130S Y\u00d6NET\u0130M FUARI 3-6 N\u0130SAN 2019[vc_gallery type=\"image_grid\" images=\"22979,22980,22981,22982,22983,22984,22985,22986,22987,22988,22989,22990,22991,22992,22993,22994,22995,22996,22997,22998,22999,23000\" img_size=\"medium\" css=\".vc_custom_1719682019294{padding-right: 100px !important;padding-left: 100px !important;}\"]MARKA STRATEJ\u0130S\u0130 F\u0130RMA \u0130\u00c7\u0130 LANSMAN 19 OCAK 2019[vc_gallery type=\"image_grid\" images=\"23001,23002,23003,23004,23005,23006,23007,23008,23009,23010,23011,23012,23013,23014,23015,23016,23017,23018\" img_size=\"medium\" css=\".vc_custom_1719682030867{padding-right: 100px !important;padding-left: 100px !important;}\"]B\u0130NA VE TES\u0130S Y\u00d6NET\u0130M FUARI 9-11 MAYIS 2018[vc_gallery type=\"image_grid\" images=\"23020,23021,23022,23023,23024\" img_size=\"medium\" css=\".vc_custom_1719682050680{padding-right: 100px !important;padding-left: 100px !important;}\"]\u00c7\u00d6Z\u00dcM ORTAKLARI BULU\u015eMASI 27 N\u0130SAN 2018[vc_gallery type=\"image_grid\" images=\"23030,23031,23032,23033,23034,23035,23036,23037,23038,23039,23040,23041,23042\" img_size=\"medium\" css=\".vc_custom_1719682265716{padding-right: 100px !important;padding-left: 100px !important;}\"]","protected":false},"author":1,"featured_media":0,"parent":0,"menu_order":0,"comment_status":"closed","ping_status":"closed","template":"","meta":{"footnotes":""},"class_list":["post-22915","page","type-page","status-publish","hentry"],"aioseo_notices":[],"_links":{"self":[{"href":"https:\/\/proasist.com.tr\/index.php?rest_route=\/wp\/v2\/pages\/22915","targetHints":{"allow":["GET"]}}],"collection":[{"href":"https:\/\/proasist.com.tr\/index.php?rest_route=\/wp\/v2\/pages"}],"about":[{"href":"https:\/\/proasist.com.tr\/index.php?rest_route=\/wp\/v2\/types\/page"}],"author":[{"embeddable":true,"href":"https:\/\/proasist.com.tr\/index.php?rest_route=\/wp\/v2\/users\/1"}],"replies":[{"embeddable":true,"href":"https:\/\/proasist.com.tr\/index.php?rest_route=%2Fwp%2Fv2%2Fcomments&post=22915"}],"version-history":[{"count":39,"href":"https:\/\/proasist.com.tr\/index.php?rest_route=\/wp\/v2\/pages\/22915\/revisions"}],"predecessor-version":[{"id":23689,"href":"https:\/\/proasist.com.tr\/index.php?rest_route=\/wp\/v2\/pages\/22915\/revisions\/23689"}],"wp:attachment":[{"href":"https:\/\/proasist.com.tr\/index.php?rest_route=%2Fwp%2Fv2%2Fmedia&parent=22915"}],"curies":[{"name":"wp","href":"https:\/\/api.w.org\/{rel}","templated":true}]}}