{"id":23045,"date":"2024-06-29T20:50:37","date_gmt":"2024-06-29T17:50:37","guid":{"rendered":"http:\/\/canercelebi.com\/ProAsist\/?page_id=23045"},"modified":"2024-12-10T03:33:00","modified_gmt":"2024-12-10T00:33:00","slug":"entegre-yonetim-sistemi-politikasi","status":"publish","type":"page","link":"https:\/\/proasist.com.tr\/?page_id=23045","title":{"rendered":"Entegre Y\u00f6netim Sistemi Politikas\u0131"},"content":{"rendered":"<section class=\"wpb-content-wrapper\"><section data-vc-full-width=\"true\" data-vc-full-width-init=\"false\" data-vc-stretch-content=\"true\" data-parallax-background-ratio=\"0.5\" class=\"vc_row wpb_row vc_row-fluid  vc_custom_1730731902708 vc_row-has-fill pofo-stretch-content parallax pofo-row-responsive-6a039d4561432\"><div class=\"bg-extra-dark-gray bg-overlay\" style=\"opacity:0.7; background-color:rgba(0,0,0,0.47); \"><\/div><div class=\"wpb_column vc_column_container full-screen vc_col-sm-12 vc_col-lg-12 vc_col-md-7 vc_hidden-sm col-xs-mobile-fullwidth text-center\"><div class=\"vc_column-inner \"><div class=\"wpb_wrapper\"><h6 class=\"text-extra-dark-gray margin-20px-bottom font-weight-600 display-inline-block alt-font dynamic-font-size text-none heading-style2  vc_custom_1719683248236 pofo-button-responsive-6a039d456170e  heading-1\"  style=\"font-weight: 400; font-style: italic; color: #ffffff;\">Kalite, bir \u015firketin payda\u015flar\u0131na verdi\u011fi de\u011ferdir.<\/h6>[vc_empty_space height=&#8221;5px&#8221;]<h1 class=\"text-extra-dark-gray margin-20px-bottom font-weight-600 display-inline-block alt-font dynamic-font-size text-none heading-style2 pofo-button-responsive-6a039d45617e1  heading-2\"  style=\"font-weight: 700; color: #ffffff;\">Entegre Y\u00f6netim Sistemleri Politikam\u0131z<\/h1><\/div><\/div><\/div><\/section><div class=\"vc_row-full-width vc_clearfix\"><\/div><section class=\"vc_row wpb_row vc_row-fluid   wow fadeIn\"><div class=\"wpb_column vc_column_container vc_col-sm-1 vc_col-lg-2 vc_col-md-2 vc_hidden-xs col-xs-mobile-fullwidth\"><div class=\"vc_column-inner \"><div class=\"wpb_wrapper\"><\/div><\/div><\/div><div class=\"wpb_column vc_column_container vc_col-sm-10 vc_col-lg-8 vc_col-md-8 vc_col-xs-12 text-center\"><div class=\"vc_column-inner \"><div class=\"wpb_wrapper\"><div class=\"testimonial-3 testimonial-style-3\"><i class=\"fa-solid fa-quote-left icon-small text-deep-pink display-block margin-25px-bottom \"><\/i><h5 class=\"alt-font text-extra-dark-gray font-weight-300\">Entegre Y\u00f6netim Sistemleri Politikam\u0131z, t\u00fcm de\u011fer ortaklar\u0131m\u0131zla olan i\u015fbirli\u011fimizin temelini, onlara sundu\u011fumuz hizmet anlay\u0131\u015f\u0131n\u0131 ve verdi\u011fimiz de\u011feri yans\u0131t\u0131r. Bu y\u00f6netim sistemi politikas\u0131n\u0131n, t\u00fcm ProAsist \u00e7al\u0131\u015fanlar\u0131 ve \u00e7\u00f6z\u00fcm ortaklar\u0131 taraf\u0131ndan benimsenmesi esast\u0131r.<\/h5><\/div><\/div><\/div><\/div><div class=\"wpb_column vc_column_container vc_col-sm-1 vc_col-lg-2 vc_col-md-2 vc_hidden-xs col-xs-mobile-fullwidth\"><div class=\"vc_column-inner \"><div class=\"wpb_wrapper\"><\/div><\/div><\/div><\/section><section data-vc-full-width=\"true\" data-vc-full-width-init=\"false\" data-vc-stretch-content=\"true\" class=\"vc_row wpb_row vc_row-fluid  vc_custom_1719683566923 wow fadeIn vc_row-has-fill pofo-stretch-content vc_row-o-equal-height vc_row-o-content-middle vc_row-flex\"><div class=\"wpb_column vc_column_container vc_col-sm-6 vc_col-lg-6 vc_col-md-6 vc_col-xs-12 wow fadeInLeft pofo-column-responsive-6a039d4561b06\"><div class=\"vc_column-inner cover-background bg-position-center-center \"><div class=\"wpb_wrapper\"><div class=\" vc_custom_1719683318184 last-paragraph-no-margin\" style=\"color: #000000;\"><p class=\"text-white width-100 md-width-100\">1. Toplam kalite felsefesini esas alarak, tak\u0131m ruhu i\u00e7erisinde \u015firket ve birim hedeflerine ula\u015fmay\u0131,<\/p>\n<p class=\"text-white width-100 md-width-100\">2. Sekt\u00f6rdeki geli\u015fmeleri yak\u0131ndan takip ederek geli\u015fmi\u015f teknolojik ko\u015fullarda \u00fcretim yapmay\u0131, bu do\u011frultuda \u00fcretim ve \u00fcr\u00fcn \u00e7e\u015fitlili\u011fi kapasitemizi artt\u0131rmay\u0131,<\/p>\n<p class=\"text-white width-100 md-width-100\">3. Sunulan \u00fcr\u00fcn ve hizmetlerde, \u00e7evre boyutlar\u0131 ve etkilerini dikkate alarak, i\u015f sa\u011fl\u0131\u011f\u0131 ve g\u00fcvenli\u011fi konusunda ve t\u00fcm yasal mevzuata ve m\u00fc\u015fteri \u015fartlar\u0131na uymay\u0131 ve gerekli kayna\u011f\u0131 sa\u011flamay\u0131,<\/p>\n<p class=\"text-white width-100 md-width-100\">4. M\u00fc\u015fteri memnuniyetini esas alan bir yakla\u015f\u0131mla \u00fcretim ve hizmette \u00fcst\u00fcn kalite politikas\u0131 ile b\u00fct\u00fcnle\u015fmeyi, m\u00fc\u015fteri memnuniyetinin s\u00fcreklili\u011fini garanti etmeyi, m\u00fc\u015fterilerimizin duydu\u011fu g\u00fcven ve firma itibar\u0131m\u0131z\u0131 korumay\u0131,<\/p>\n<p class=\"text-white width-100 md-width-100\">5. T\u00fcm faaliyetlerimizde i\u015f sa\u011fl\u0131\u011f\u0131 ve g\u00fcvenli\u011fini sa\u011flamaya ve i\u015f kazalar\u0131n\u0131 \u00f6nlemeye y\u00f6nelik sistemler geli\u015ftirmeyi,<\/p>\n<\/div><\/div><\/div><\/div><div class=\"wpb_column vc_column_container vc_col-sm-6 vc_col-lg-6 vc_col-md-6 vc_col-xs-12 wow fadeInRight pofo-column-responsive-6a039d4561c62\"><div class=\"vc_column-inner vc_custom_1507628985498\"><div class=\"wpb_wrapper\">[vc_single_image image=&#8221;23047&#8243; img_size=&#8221;full&#8221; alignment=&#8221;right&#8221; css=&#8221;.vc_custom_1719683351571{padding-right: 0px !important;}&#8221;]<\/div><\/div><\/div><\/section><div class=\"vc_row-full-width vc_clearfix\"><\/div><section data-vc-full-width=\"true\" data-vc-full-width-init=\"false\" data-vc-stretch-content=\"true\" class=\"vc_row wpb_row vc_row-fluid  vc_custom_1712278024392 wow fadeIn vc_row-has-fill pofo-stretch-content vc_row-o-equal-height vc_row-o-content-middle vc_row-flex\"><div class=\"wpb_column vc_column_container vc_col-sm-6 vc_col-lg-6 vc_col-md-6 vc_col-xs-12 wow fadeInLeft pofo-column-responsive-6a039d4561e10\"><div class=\"vc_column-inner cover-background bg-position-center-center \"><div class=\"wpb_wrapper\">[vc_single_image image=&#8221;23048&#8243; img_size=&#8221;full&#8221; css=&#8221;.vc_custom_1719683724356{padding-bottom: 0px !important;}&#8221;]<\/div><\/div><\/div><div class=\"wpb_column vc_column_container vc_col-sm-6 vc_col-lg-6 vc_col-md-6 vc_col-xs-12 wow fadeInRight pofo-column-responsive-6a039d4561ef5\"><div class=\"vc_column-inner vc_custom_1507628985498\"><div class=\"wpb_wrapper\"><div class=\"last-paragraph-no-margin\" style=\"color: #ffffff;\"><p class=\"text-white width-100 md-width-100\">6.\u0130lgili taraflar\u0131n ihtiya\u00e7 ve beklentilerini dikkate alarak t\u00fcm \u00e7al\u0131\u015fanlar\u0131n geli\u015fimine katk\u0131 sa\u011flad\u0131\u011f\u0131 g\u00fc\u00e7l\u00fc bir i\u015f sa\u011fl\u0131\u011f\u0131 ve g\u00fcvenli\u011fi ve \u00e7evre k\u00fclt\u00fcr\u00fc olu\u015fturmay\u0131,<\/p>\n<p class=\"text-white width-100 md-width-100\">7.\u00c7al\u0131\u015fanlar\u0131n ve \u00e7al\u0131\u015fan temsilcilerinin dan\u0131\u015fma ve kat\u0131l\u0131m\u0131n\u0131 sa\u011flamay\u0131,<\/p>\n<p class=\"text-white width-100 md-width-100\">8.Tehlikeleri ortadan kald\u0131rmay\u0131 ve isg risklerini azaltmay\u0131,<\/p>\n<p class=\"text-white width-100 md-width-100\">9.\u00dcr\u00fcn ve proseslerimizde riskleri etkin bir bi\u00e7imde y\u00f6neterek; \u00fcr\u00fcne, \u00e7evreye ve \u00e7al\u0131\u015fanlar\u0131m\u0131za olan etkilerimizi \u00f6nceden tespit etmeyi, olas\u0131 riskleri ortadan kald\u0131racak veya en d\u00fc\u015f\u00fck seviyeye indirecek \u00e7al\u0131\u015fmalar\u0131 yapmay\u0131,<\/p>\n<p class=\"text-white width-100 md-width-100\">10.S\u00fcrekli iyile\u015ftirme yakla\u015f\u0131m\u0131 do\u011frultusunda t\u00fcm faaliyetlerimizde &#8220;Planla \/ Uygula \/ Kontrol et \/ \u00d6nlem al&#8221; d\u00f6ng\u00fcs\u00fcn\u00fc esas almay\u0131 ve s\u00fcrekli olarak uygulamay\u0131,<\/p>\n<p class=\"text-white width-100 md-width-100\">11.Do\u011fal kaynak kullan\u0131m\u0131n\u0131 en aza indirecek y\u00f6ntemler uygulayarak kirlili\u011fi kayna\u011f\u0131nda \u00f6nlemeyi, at\u0131klar\u0131n azalt\u0131lmas\u0131 ve yeniden de\u011ferlendirilmesi y\u00f6n\u00fcnde \u00e7al\u0131\u015fmalar yapmay\u0131,<\/p>\n<p class=\"text-white width-100 md-width-100\">12.Afet ve acil durumlarda birinci \u00f6ncelik olarak can g\u00fcvenli\u011fini sa\u011flamay\u0131,<\/p>\n<p class=\"text-white width-100 md-width-100\">13.Olas\u0131 her t\u00fcrl\u00fc ola\u011fan\u00fcst\u00fc durumda faaliyetlerin tekrar s\u00fcrd\u00fcr\u00fclmesi ve m\u00fc\u015fteri taleplerinin kar\u015f\u0131lanmas\u0131 i\u00e7in haz\u0131r olmay\u0131,<\/p>\n<p class=\"text-white width-100 md-width-100\">14.\u00c7al\u0131\u015fanlar\u0131m\u0131z\u0131n, tedarik\u00e7i ve ta\u015feronlar\u0131m\u0131z\u0131n yenilik\u00e7i ve yarat\u0131c\u0131 yakla\u015f\u0131mlar\u0131n\u0131n cesaretlendirilmesi, teknik ve davran\u0131\u015fsal yetkinliklerini artt\u0131racak, i\u015f sa\u011fl\u0131\u011f\u0131 ve g\u00fcvenli\u011fi, i\u015f s\u00fcreklili\u011fi ve \u00e7evre k\u00fclt\u00fcr\u00fcn\u00fcn olu\u015fmas\u0131n\u0131 sa\u011flayacak e\u011fitimlerin ger\u00e7ekle\u015ftirilmesini sa\u011flamay\u0131,<br \/>\nve \u00e7al\u0131\u015fanlar\u0131m\u0131zdaki fark\u0131ndal\u0131\u011f\u0131 artt\u0131rarak ISO 9001, ISO 14001 ve ISO 45001 standartlar\u0131 gereklerini t\u00fcm \u00e7al\u0131\u015fanlar\u0131m\u0131z\u0131n kat\u0131l\u0131m\u0131 ile uygulamay\u0131 ve s\u00fcrekli geli\u015ftirmeyi taahh\u00fct ediyoruz.<\/p>\n<p class=\"text-white align-right width-100 md-width-100\">07.01.2020<\/p>\n<\/div><\/div><\/div><\/div><\/section><div class=\"vc_row-full-width vc_clearfix\"><\/div>\n<\/section>","protected":false},"excerpt":{"rendered":"Kalite, bir \u015firketin payda\u015flar\u0131na verdi\u011fi de\u011ferdir.[vc_empty_space height=\"5px\"]Entegre Y\u00f6netim Sistemleri Politikam\u0131zEntegre Y\u00f6netim Sistemleri Politikam\u0131z, t\u00fcm de\u011fer ortaklar\u0131m\u0131zla olan i\u015fbirli\u011fimizin temelini, onlara sundu\u011fumuz hizmet anlay\u0131\u015f\u0131n\u0131 ve verdi\u011fimiz de\u011feri yans\u0131t\u0131r. Bu y\u00f6netim sistemi politikas\u0131n\u0131n, t\u00fcm ProAsist \u00e7al\u0131\u015fanlar\u0131 ve \u00e7\u00f6z\u00fcm ortaklar\u0131 taraf\u0131ndan benimsenmesi esast\u0131r.1. Toplam kalite felsefesini esas alarak, tak\u0131m ruhu i\u00e7erisinde \u015firket ve birim hedeflerine ula\u015fmay\u0131, 2. Sekt\u00f6rdeki geli\u015fmeleri yak\u0131ndan takip ederek geli\u015fmi\u015f teknolojik ko\u015fullarda \u00fcretim yapmay\u0131, bu do\u011frultuda \u00fcretim ve \u00fcr\u00fcn \u00e7e\u015fitlili\u011fi kapasitemizi artt\u0131rmay\u0131, 3. Sunulan \u00fcr\u00fcn ve hizmetlerde, \u00e7evre boyutlar\u0131 ve etkilerini dikkate alarak, i\u015f sa\u011fl\u0131\u011f\u0131 ve g\u00fcvenli\u011fi konusunda ve t\u00fcm yasal mevzuata ve m\u00fc\u015fteri \u015fartlar\u0131na uymay\u0131 ve gerekli kayna\u011f\u0131 sa\u011flamay\u0131, 4. M\u00fc\u015fteri memnuniyetini esas alan bir yakla\u015f\u0131mla \u00fcretim ve hizmette \u00fcst\u00fcn kalite politikas\u0131 ile b\u00fct\u00fcnle\u015fmeyi, m\u00fc\u015fteri memnuniyetinin s\u00fcreklili\u011fini garanti etmeyi, m\u00fc\u015fterilerimizin duydu\u011fu g\u00fcven ve firma itibar\u0131m\u0131z\u0131 korumay\u0131, 5. T\u00fcm faaliyetlerimizde i\u015f sa\u011fl\u0131\u011f\u0131 ve g\u00fcvenli\u011fini sa\u011flamaya ve i\u015f kazalar\u0131n\u0131 \u00f6nlemeye y\u00f6nelik sistemler geli\u015ftirmeyi, [vc_single_image image=\"23047\" img_size=\"full\" alignment=\"right\" css=\".vc_custom_1719683351571{padding-right: 0px !important;}\"][vc_single_image image=\"23048\" img_size=\"full\" css=\".vc_custom_1719683724356{padding-bottom: 0px !important;}\"]6.\u0130lgili taraflar\u0131n ihtiya\u00e7 ve beklentilerini dikkate alarak t\u00fcm \u00e7al\u0131\u015fanlar\u0131n geli\u015fimine katk\u0131 sa\u011flad\u0131\u011f\u0131 g\u00fc\u00e7l\u00fc bir i\u015f sa\u011fl\u0131\u011f\u0131 ve g\u00fcvenli\u011fi ve \u00e7evre k\u00fclt\u00fcr\u00fc olu\u015fturmay\u0131, 7.\u00c7al\u0131\u015fanlar\u0131n ve \u00e7al\u0131\u015fan temsilcilerinin dan\u0131\u015fma ve kat\u0131l\u0131m\u0131n\u0131 sa\u011flamay\u0131, 8.Tehlikeleri ortadan kald\u0131rmay\u0131 ve isg risklerini azaltmay\u0131, 9.\u00dcr\u00fcn ve proseslerimizde riskleri etkin bir bi\u00e7imde y\u00f6neterek; \u00fcr\u00fcne, \u00e7evreye...","protected":false},"author":1,"featured_media":0,"parent":0,"menu_order":0,"comment_status":"closed","ping_status":"closed","template":"","meta":{"footnotes":""},"class_list":["post-23045","page","type-page","status-publish","hentry"],"aioseo_notices":[],"_links":{"self":[{"href":"https:\/\/proasist.com.tr\/index.php?rest_route=\/wp\/v2\/pages\/23045","targetHints":{"allow":["GET"]}}],"collection":[{"href":"https:\/\/proasist.com.tr\/index.php?rest_route=\/wp\/v2\/pages"}],"about":[{"href":"https:\/\/proasist.com.tr\/index.php?rest_route=\/wp\/v2\/types\/page"}],"author":[{"embeddable":true,"href":"https:\/\/proasist.com.tr\/index.php?rest_route=\/wp\/v2\/users\/1"}],"replies":[{"embeddable":true,"href":"https:\/\/proasist.com.tr\/index.php?rest_route=%2Fwp%2Fv2%2Fcomments&post=23045"}],"version-history":[{"count":6,"href":"https:\/\/proasist.com.tr\/index.php?rest_route=\/wp\/v2\/pages\/23045\/revisions"}],"predecessor-version":[{"id":23708,"href":"https:\/\/proasist.com.tr\/index.php?rest_route=\/wp\/v2\/pages\/23045\/revisions\/23708"}],"wp:attachment":[{"href":"https:\/\/proasist.com.tr\/index.php?rest_route=%2Fwp%2Fv2%2Fmedia&parent=23045"}],"curies":[{"name":"wp","href":"https:\/\/api.w.org\/{rel}","templated":true}]}}