{"id":23057,"date":"2024-06-29T21:04:07","date_gmt":"2024-06-29T18:04:07","guid":{"rendered":"http:\/\/canercelebi.com\/ProAsist\/?page_id=23057"},"modified":"2026-03-10T15:55:45","modified_gmt":"2026-03-10T12:55:45","slug":"entegre-yonetim-sistemleri-sertifikamiz","status":"publish","type":"page","link":"https:\/\/proasist.com.tr\/?page_id=23057","title":{"rendered":"Entegre Y\u00f6netim Sistemleri Sertifikam\u0131z"},"content":{"rendered":"<section class=\"wpb-content-wrapper\"><section data-vc-full-width=\"true\" data-vc-full-width-init=\"false\" data-vc-stretch-content=\"true\" data-parallax-background-ratio=\"0.5\" class=\"vc_row wpb_row vc_row-fluid  vc_custom_1730731960775 vc_row-has-fill pofo-stretch-content parallax pofo-row-responsive-69f0c299de93a\"><div class=\"bg-extra-dark-gray bg-overlay\" style=\"opacity:0.7; background-color:rgba(0,0,0,0.47); \"><\/div><div class=\"wpb_column vc_column_container full-screen vc_col-sm-12 vc_col-lg-12 vc_col-md-7 vc_hidden-sm col-xs-mobile-fullwidth text-center\"><div class=\"vc_column-inner \"><div class=\"wpb_wrapper\"><h6 class=\"text-extra-dark-gray margin-20px-bottom font-weight-600 display-inline-block alt-font dynamic-font-size text-none heading-style2  vc_custom_1719683248236 pofo-button-responsive-69f0c299dead1  heading-1\"  style=\"font-weight: 400; font-style: italic; color: #ffffff;\">Kalite, bir \u015firketin payda\u015flar\u0131na verdi\u011fi de\u011ferdir.<\/h6>[vc_empty_space height=&#8221;5px&#8221;]<h1 class=\"text-extra-dark-gray margin-20px-bottom font-weight-600 display-inline-block alt-font dynamic-font-size text-none heading-style2 pofo-button-responsive-69f0c299deb27  heading-2\"  style=\"font-weight: 700; color: #ffffff;\">Entegre Y\u00f6netim Sistemleri Sertifikam\u0131z<\/h1><\/div><\/div><\/div><\/section><div class=\"vc_row-full-width vc_clearfix\"><\/div><section class=\"vc_row wpb_row vc_row-fluid   vc_column-gap-25 vc_row-o-content-middle vc_row-flex\"><div class=\"wpb_column vc_column_container vc_col-sm-1\/5  col-xs-mobile-fullwidth\"><div class=\"vc_column-inner \"><div class=\"wpb_wrapper\">[vc_single_image source=&#8221;external_link&#8221; external_img_size=&#8221;420&#215;650&#8243; onclick=&#8221;link_image&#8221; custom_src=&#8221;https:\/\/proasist.com.tr\/wp-content\/uploads\/2025\/04\/iso9001Sistem.jpg&#8221;]<\/div><\/div><\/div><div class=\"wpb_column vc_column_container vc_col-sm-1\/5  col-xs-mobile-fullwidth\"><div class=\"vc_column-inner \"><div class=\"wpb_wrapper\">[vc_single_image source=&#8221;external_link&#8221; external_img_size=&#8221;420&#215;650&#8243; onclick=&#8221;link_image&#8221; custom_src=&#8221;https:\/\/proasist.com.tr\/wp-content\/uploads\/2025\/04\/iso14001sistem.jpg&#8221;]<\/div><\/div><\/div><div class=\"wpb_column vc_column_container vc_col-sm-1\/5  col-xs-mobile-fullwidth\"><div class=\"vc_column-inner \"><div class=\"wpb_wrapper\">[vc_single_image source=&#8221;external_link&#8221; external_img_size=&#8221;420&#215;650&#8243; onclick=&#8221;link_image&#8221; custom_src=&#8221;https:\/\/proasist.com.tr\/wp-content\/uploads\/2025\/04\/iso45001Sistem.jpg&#8221;]<\/div><\/div><\/div><div class=\"wpb_column vc_column_container vc_col-sm-1\/5  col-xs-mobile-fullwidth\"><div class=\"vc_column-inner \"><div class=\"wpb_wrapper\">[vc_single_image source=&#8221;external_link&#8221; external_img_size=&#8221;420&#215;650&#8243; onclick=&#8221;link_image&#8221; custom_src=&#8221;https:\/\/proasist.com.tr\/wp-content\/uploads\/2025\/05\/EnISO3834.jpeg&#8221;]<\/div><\/div><\/div><div class=\"wpb_column vc_column_container vc_col-sm-1\/5  col-xs-mobile-fullwidth\"><div class=\"vc_column-inner \"><div class=\"wpb_wrapper\">[vc_single_image source=&#8221;external_link&#8221; external_img_size=&#8221;420&#215;650&#8243; onclick=&#8221;link_image&#8221; custom_src=&#8221;https:\/\/proasist.com.tr\/wp-content\/uploads\/2025\/09\/Proasist27001.jpg&#8221;]<\/div><\/div><\/div><\/section><section class=\"vc_row wpb_row vc_row-fluid   vc_column-gap-25 vc_row-o-content-middle vc_row-flex\"><div class=\"wpb_column vc_column_container vc_col-sm-1\/5  col-xs-mobile-fullwidth\"><div class=\"vc_column-inner \"><div class=\"wpb_wrapper\">[vc_single_image source=&#8221;external_link&#8221; custom_src=&#8221;https:\/\/proasist.com.tr\/wp-content\/uploads\/2026\/03\/41001.jpg&#8221;]<\/div><\/div><\/div><div class=\"wpb_column vc_column_container vc_col-sm-1\/5  col-xs-mobile-fullwidth\"><div class=\"vc_column-inner \"><div class=\"wpb_wrapper\">[vc_single_image source=&#8221;external_link&#8221; onclick=&#8221;link_image&#8221; custom_src=&#8221;https:\/\/proasist.com.tr\/wp-content\/uploads\/2025\/05\/PROAS%C4%B0ST%20TSE%20HYB%20BELGES%C4%B0%202026.jpg&#8221;]<\/div><\/div><\/div><div class=\"wpb_column vc_column_container vc_col-sm-1\/5  col-xs-mobile-fullwidth\"><div class=\"vc_column-inner \"><div class=\"wpb_wrapper\">[vc_single_image source=&#8221;external_link&#8221; onclick=&#8221;link_image&#8221; custom_src=&#8221;https:\/\/proasist.com.tr\/wp-content\/uploads\/2025\/05\/PROAS\u0130ST TSE HYB BELGES\u0130 20261.jpg&#8221;]<\/div><\/div><\/div><div class=\"wpb_column vc_column_container vc_col-sm-1\/5  col-xs-mobile-fullwidth\"><div class=\"vc_column-inner \"><div class=\"wpb_wrapper\"><\/div><\/div><\/div><div class=\"wpb_column vc_column_container vc_col-sm-1\/5  col-xs-mobile-fullwidth\"><div class=\"vc_column-inner \"><div class=\"wpb_wrapper\"><\/div><\/div><\/div><\/section>\n<\/section>","protected":false},"excerpt":{"rendered":"Kalite, bir \u015firketin payda\u015flar\u0131na verdi\u011fi de\u011ferdir.[vc_empty_space height=\"5px\"]Entegre Y\u00f6netim Sistemleri Sertifikam\u0131z[vc_single_image source=\"external_link\" external_img_size=\"420x650\" onclick=\"link_image\" custom_src=\"https:\/\/proasist.com.tr\/wp-content\/uploads\/2025\/04\/iso9001Sistem.jpg\"][vc_single_image source=\"external_link\" external_img_size=\"420x650\" onclick=\"link_image\" custom_src=\"https:\/\/proasist.com.tr\/wp-content\/uploads\/2025\/04\/iso14001sistem.jpg\"][vc_single_image source=\"external_link\" external_img_size=\"420x650\" onclick=\"link_image\" custom_src=\"https:\/\/proasist.com.tr\/wp-content\/uploads\/2025\/04\/iso45001Sistem.jpg\"][vc_single_image source=\"external_link\" external_img_size=\"420x650\" onclick=\"link_image\" custom_src=\"https:\/\/proasist.com.tr\/wp-content\/uploads\/2025\/05\/EnISO3834.jpeg\"][vc_single_image source=\"external_link\" external_img_size=\"420x650\" onclick=\"link_image\" custom_src=\"https:\/\/proasist.com.tr\/wp-content\/uploads\/2025\/09\/Proasist27001.jpg\"][vc_single_image source=\"external_link\" custom_src=\"https:\/\/proasist.com.tr\/wp-content\/uploads\/2026\/03\/41001.jpg\"][vc_single_image source=\"external_link\" onclick=\"link_image\" custom_src=\"https:\/\/proasist.com.tr\/wp-content\/uploads\/2025\/05\/PROAS%C4%B0ST%20TSE%20HYB%20BELGES%C4%B0%202026.jpg\"][vc_single_image source=\"external_link\" onclick=\"link_image\" custom_src=\"https:\/\/proasist.com.tr\/wp-content\/uploads\/2025\/05\/PROAS\u0130ST TSE HYB BELGES\u0130 20261.jpg\"]","protected":false},"author":1,"featured_media":0,"parent":0,"menu_order":0,"comment_status":"closed","ping_status":"closed","template":"","meta":{"footnotes":""},"class_list":["post-23057","page","type-page","status-publish","hentry"],"aioseo_notices":[],"_links":{"self":[{"href":"https:\/\/proasist.com.tr\/index.php?rest_route=\/wp\/v2\/pages\/23057","targetHints":{"allow":["GET"]}}],"collection":[{"href":"https:\/\/proasist.com.tr\/index.php?rest_route=\/wp\/v2\/pages"}],"about":[{"href":"https:\/\/proasist.com.tr\/index.php?rest_route=\/wp\/v2\/types\/page"}],"author":[{"embeddable":true,"href":"https:\/\/proasist.com.tr\/index.php?rest_route=\/wp\/v2\/users\/1"}],"replies":[{"embeddable":true,"href":"https:\/\/proasist.com.tr\/index.php?rest_route=%2Fwp%2Fv2%2Fcomments&post=23057"}],"version-history":[{"count":24,"href":"https:\/\/proasist.com.tr\/index.php?rest_route=\/wp\/v2\/pages\/23057\/revisions"}],"predecessor-version":[{"id":24146,"href":"https:\/\/proasist.com.tr\/index.php?rest_route=\/wp\/v2\/pages\/23057\/revisions\/24146"}],"wp:attachment":[{"href":"https:\/\/proasist.com.tr\/index.php?rest_route=%2Fwp%2Fv2%2Fmedia&parent=23057"}],"curies":[{"name":"wp","href":"https:\/\/api.w.org\/{rel}","templated":true}]}}