{"id":23128,"date":"2024-06-30T17:07:10","date_gmt":"2024-06-30T14:07:10","guid":{"rendered":"http:\/\/canercelebi.com\/ProAsist\/?page_id=23128"},"modified":"2025-07-21T01:53:33","modified_gmt":"2025-07-20T22:53:33","slug":"basin-haberlerimiz","status":"publish","type":"page","link":"https:\/\/proasist.com.tr\/?page_id=23128","title":{"rendered":"Bas\u0131n Haberlerimiz"},"content":{"rendered":"<section class=\"wpb-content-wrapper\"><section data-vc-full-width=\"true\" data-vc-full-width-init=\"false\" data-vc-stretch-content=\"true\" data-parallax-background-ratio=\"0.5\" class=\"vc_row wpb_row vc_row-fluid  vc_custom_1730728592983 vc_row-has-fill pofo-stretch-content parallax pofo-row-responsive-69f375f15073b\"><div class=\"bg-extra-dark-gray bg-overlay\" style=\"opacity:0.7; background-color:rgba(0,0,0,0.47); \"><\/div><div class=\"wpb_column vc_column_container full-screen vc_col-sm-12 vc_col-lg-12 vc_col-md-7 vc_hidden-sm col-xs-mobile-fullwidth text-center\"><div class=\"vc_column-inner \"><div class=\"wpb_wrapper\"><h6 class=\"text-extra-dark-gray margin-20px-bottom font-weight-600 display-inline-block alt-font dynamic-font-size text-none heading-style2  vc_custom_1719674963712 pofo-button-responsive-69f375f1508ad  heading-1\"  style=\"font-weight: 400; color: #ffffff;\">Ya\u015famdan g\u00f6r\u00fcnt\u00fcler<\/h6>[vc_empty_space height=&#8221;5px&#8221;]<h1 class=\"text-extra-dark-gray margin-20px-bottom font-weight-600 display-inline-block alt-font dynamic-font-size text-none heading-style2 pofo-button-responsive-69f375f1508fd  heading-2\"  style=\"font-weight: 700; color: #ffffff;\">Bas\u0131n Haberlerimiz<\/h1><\/div><\/div><\/div><\/section><div class=\"vc_row-full-width vc_clearfix\"><\/div><section data-vc-full-width=\"true\" data-vc-full-width-init=\"false\" class=\"vc_row wpb_row vc_row-fluid  vc_custom_1753051997291 position-relative vc_row-has-fill pofo-stretch-content pofo-stretch-row-container vc_row-o-content-middle vc_row-flex\"><div class=\"wpb_column vc_column_container vc_col-sm-12  col-xs-mobile-fullwidth\"><div class=\"vc_column-inner \"><div class=\"wpb_wrapper\">[vc_single_image image=&#8221;23138&#8243; img_size=&#8221;large&#8221; alignment=&#8221;center&#8221;][vc_empty_space height=&#8221;5px&#8221;]<div class=\" vc_custom_1753051690306 last-paragraph-no-margin\" style=\"color: #727272;\"><div><\/div>\n<div class=\"text-medium-gray text-extra-small margin-5px-bottom alt-font\" style=\"text-align: center;\">\u0130n\u015faat &amp; Yat\u0131r\u0131m Dergisi<\/div>\n<div class=\"text-extra-dark-gray alt-font text-large font-weight-600 margin-15px-bottom display-block\" style=\"text-align: center;\">Teknik hizmetler sekt\u00f6r\u00fc i\u00e7in ProAsist \u00c7\u00f6z\u00fcm Platformu kuruluyor.<\/div>\n<p class=\"no-margin\" style=\"text-align: center;\">Sekt\u00f6r\u00fc d\u00f6n\u00fc\u015ft\u00fcrmek, iyile\u015ftirmek ve yukar\u0131lara ta\u015f\u0131mak i\u00e7in \u00e7al\u0131\u015fmalarda bulunan ProAsist, T\u00fcrkiye&#8217;nin d\u00f6rt bir yan\u0131ndaki teknik hizmetler payda\u015flar\u0131n\u0131 ProAsist De\u011fer Ortaklar\u0131 Bulu\u015fmas\u0131&#8217;nda bir araya getirdi.<\/p>\n<p style=\"text-align: center;\">Toplant\u0131da teknik hizmetler sekt\u00f6r\u00fcne s\u00fcrd\u00fcr\u00fclebilir itibar sa\u011flamak hedefiyle kurulan ProAsist \u00c7\u00f6z\u00fcm Platformu da tan\u0131n\u0131t\u0131ld\u0131.<\/p>\n<\/div><\/div><\/div><\/div><\/section><div class=\"vc_row-full-width vc_clearfix\"><\/div><section data-vc-full-width=\"true\" data-vc-full-width-init=\"false\" class=\"vc_row wpb_row vc_row-fluid  vc_custom_1753052009962 position-relative vc_row-has-fill pofo-stretch-content pofo-stretch-row-container vc_row-o-content-middle vc_row-flex\"><div class=\"wpb_column vc_column_container vc_col-sm-12  col-xs-mobile-fullwidth\"><div class=\"vc_column-inner \"><div class=\"wpb_wrapper\">[vc_video link=&#8221;https:\/\/www.youtube.com\/watch?v=IKWg6Aev7eA&#8221; el_width=&#8221;70&#8243; align=&#8221;center&#8221;][vc_empty_space height=&#8221;5px&#8221;]<div class=\" vc_custom_1719759461709 last-paragraph-no-margin\" style=\"color: #727272;\"><div class=\"text-medium-gray text-extra-small margin-5px-bottom alt-font\" style=\"text-align: center;\">Haber tarihi: 26.04.2019<\/div>\n<div class=\"text-extra-dark-gray alt-font text-large font-weight-600 margin-15px-bottom display-block\" style=\"text-align: center;\">ProAsist YKB \u00d6ner \u00c7ELEB\u0130 Ekot\u00fcrk Yay\u0131n\u0131<\/div>\n<p class=\"no-margin\" style=\"text-align: center;\">ProAsist Y\u00f6netim Kurulu Ba\u015fkan\u0131 \u00d6ner \u00c7ELEB\u0130, Ekot\u00fcrk Kanal\u0131nda Teknik Hizmet Sekt\u00f6r\u00fc&#8217; n\u00fc ve Teknik Hizmet Sekt\u00f6r\u00fcnde ProAsist &#8216; in \u00fcstlendi\u011fi misyonu anlat\u0131yor.<\/p>\n<\/div><\/div><\/div><\/div><\/section><div class=\"vc_row-full-width vc_clearfix\"><\/div><section data-vc-full-width=\"true\" data-vc-full-width-init=\"false\" class=\"vc_row wpb_row vc_row-fluid  vc_custom_1719759288125 position-relative vc_row-has-fill pofo-stretch-content pofo-stretch-row-container vc_row-o-content-middle vc_row-flex\"><div class=\"wpb_column vc_column_container vc_col-sm-12  col-xs-mobile-fullwidth\"><div class=\"vc_column-inner \"><div class=\"wpb_wrapper\">[vc_single_image image=&#8221;23147&#8243; img_size=&#8221;large&#8221; alignment=&#8221;center&#8221;][vc_empty_space height=&#8221;5px&#8221;]<div class=\" vc_custom_1719759609533 last-paragraph-no-margin\" style=\"color: #727272;\"><div class=\"text-medium-gray text-extra-small margin-5px-bottom alt-font\" style=\"text-align: center;\">milliyet.com.tr<\/div>\n<div class=\"text-extra-dark-gray alt-font text-large font-weight-600 margin-15px-bottom display-block\" style=\"text-align: center;\">Proasist, 2018 T\u00fcrkiye Vizyon Toplant\u0131s\u0131 Ger\u00e7ekle\u015fti<\/div>\n<p class=\"no-margin\" style=\"text-align: center;\">Bir\u00e7ok hizmeti b\u00fcnyesinde bar\u0131nd\u0131ran hizmet firmas\u0131 Proasist, \u00e7\u00f6z\u00fcm ortaklar\u0131yla 2018 T\u00fcrkiye vizyon toplant\u0131s\u0131n\u0131 \u0130stanbul&#8217;da ger\u00e7ekle\u015ftirdi.<\/p>\n<p style=\"text-align: center;\">Zincir ma\u011faza, restoran, end\u00fcstriyel tesis, al\u0131\u015fveri\u015f merkezi, hastane, e\u011fitim kurumlar\u0131, spor salonlar\u0131 gibi farkl\u0131 sekt\u00f6rlerden i\u015fletmelerin t\u00fcm T\u00fcrkiye&#8217;de yakla\u015f\u0131k 12 bin m\u00fc\u015fteri noktas\u0131nda hizmet veren Proasist, 2018 Vizyon toplant\u0131s\u0131n\u0131 \u0130stanbul&#8217;da bir otelde ger\u00e7ekle\u015ftirdi.<\/p>\n<p style=\"text-align: center;\"><a href=\"http:\/\/www.milliyet.com.tr\/proasist-2018-turkiye-vizyon-toplantisi-istanbul-yerelhaber-2761128\/\" target=\"_blank\" rel=\"noopener\">Devam\u0131n\u0131 oku<\/a><\/p>\n<\/div><\/div><\/div><\/div><\/section><div class=\"vc_row-full-width vc_clearfix\"><\/div><section data-vc-full-width=\"true\" data-vc-full-width-init=\"false\" class=\"vc_row wpb_row vc_row-fluid  vc_custom_1719759288125 position-relative vc_row-has-fill pofo-stretch-content pofo-stretch-row-container vc_row-o-content-middle vc_row-flex\"><div class=\"wpb_column vc_column_container vc_col-sm-12  col-xs-mobile-fullwidth\"><div class=\"vc_column-inner \"><div class=\"wpb_wrapper\">[vc_single_image image=&#8221;23149&#8243; img_size=&#8221;large&#8221; alignment=&#8221;center&#8221;][vc_empty_space height=&#8221;5px&#8221;]<div class=\" vc_custom_1753051660550 last-paragraph-no-margin\" style=\"color: #727272;\"><div class=\"text-medium-gray text-extra-small margin-5px-bottom alt-font\" style=\"text-align: center;\">oncevatan.com.tr<\/div>\n<div class=\"text-extra-dark-gray alt-font text-large font-weight-600 margin-15px-bottom display-block\" style=\"text-align: center;\">Proasist en iyi hizmet markas\u0131 olma yolunda ilerliyor<\/div>\n<p class=\"no-margin\" style=\"text-align: center;\">Bir i\u015fletmenin ihtiya\u00e7 duyabilece\u011fi t\u00fcm teknik hizmetleri tek bir \u00e7at\u0131 alt\u0131nda toplayan ilk ve tek T\u00fcrk firmas\u0131 Proasist, pek \u00e7ok farkl\u0131 ihtiyaca \u00e7\u00f6z\u00fcm sunuyor. 2010 y\u0131l\u0131ndan bu yana T\u00fcrkiye&#8217;nin her k\u00f6\u015fesinden ma\u011faza, restaurant, end\u00fcstriyel tesis, al\u0131\u015fveri\u015f merkezi, hastane gibi farkl\u0131 sekt\u00f6rlerden i\u015fletmelere lojistik, bak\u0131m ve servis hizmetleri gibi gerek duyulan teknik hizmetlerin tamam\u0131n\u0131 veren firma, mobil ekipleri ile ihtiya\u00e7lara an\u0131nda cevap veriyor.<\/p>\n<p style=\"text-align: center;\"><a href=\"https:\/\/www.oncevatan.com.tr\/istanbul\/proasist-en-iyi-hizmet-markasi-olma-yolunda-ilerliyor-h87654.html\" target=\"_blank\" rel=\"noopener\">Devam\u0131n\u0131 oku<\/a><\/p>\n<\/div><\/div><\/div><\/div><\/section><div class=\"vc_row-full-width vc_clearfix\"><\/div><section data-vc-full-width=\"true\" data-vc-full-width-init=\"false\" class=\"vc_row wpb_row vc_row-fluid  vc_custom_1719759288125 position-relative vc_row-has-fill pofo-stretch-content pofo-stretch-row-container vc_row-o-content-middle vc_row-flex\"><div class=\"wpb_column vc_column_container vc_col-sm-12  col-xs-mobile-fullwidth\"><div class=\"vc_column-inner \"><div class=\"wpb_wrapper\">[vc_single_image image=&#8221;23150&#8243; img_size=&#8221;large&#8221; alignment=&#8221;center&#8221;][vc_empty_space height=&#8221;5px&#8221;]<div class=\" vc_custom_1753051667880 last-paragraph-no-margin\" style=\"color: #727272;\"><div class=\"text-medium-gray text-extra-small margin-5px-bottom alt-font\" style=\"text-align: center;\">Milliyet.com.tr<\/div>\n<div class=\"text-extra-dark-gray alt-font text-large font-weight-600 margin-15px-bottom display-block\" style=\"text-align: center;\">Hizmetin Rengi ProAsist<\/div>\n<p class=\"no-margin\" style=\"text-align: center;\">M\u00fc\u015fterilerine karl\u0131 teknik hizmetler \u00fcreten Proasist, yeni kurumsal y\u00fcz\u00fc ile b\u00fcy\u00fcmeye devam ediyor. Teknik hizmetler sekt\u00f6r\u00fcnde 5. y\u0131l\u0131n\u0131 kutlayan Proasist, T\u00fcrkiye&#8217;nin her k\u00f6\u015fesinde ma\u011faza, restoran, end\u00fcstriyel tesis, al\u0131\u015fveri\u015f merkezi, hastane gibi farkl\u0131 sekt\u00f6rlerden i\u015fletmelere periyodik koruyucu bak\u0131m ve teknik hizmetlerin tamam\u0131n\u0131 veriyor.<\/p>\n<p style=\"text-align: center;\"><a href=\"http:\/\/www.milliyet.com.tr\/hizmetin-rengi-proasist-istanbul-yerelhaber-1187985\/\" target=\"_blank\" rel=\"noopener\">Devam\u0131n\u0131 oku<\/a><\/p>\n<\/div><\/div><\/div><\/div><\/section><div class=\"vc_row-full-width vc_clearfix\"><\/div><section data-vc-full-width=\"true\" data-vc-full-width-init=\"false\" class=\"vc_row wpb_row vc_row-fluid  vc_custom_1719759288125 position-relative vc_row-has-fill pofo-stretch-content pofo-stretch-row-container vc_row-o-content-middle vc_row-flex\"><div class=\"wpb_column vc_column_container vc_col-sm-12  col-xs-mobile-fullwidth\"><div class=\"vc_column-inner \"><div class=\"wpb_wrapper\">[vc_single_image image=&#8221;23151&#8243; img_size=&#8221;large&#8221; alignment=&#8221;center&#8221;][vc_empty_space height=&#8221;5px&#8221;]<div class=\" vc_custom_1753051676420 last-paragraph-no-margin\" style=\"color: #727272;\"><div class=\"text-medium-gray text-extra-small margin-5px-bottom alt-font\" style=\"text-align: center;\">Maxi Haber<\/div>\n<div class=\"text-extra-dark-gray alt-font text-large font-weight-600 margin-15px-bottom display-block\" style=\"text-align: center;\">ProAsist Uluslararas\u0131 Marka Olmay\u0131 Hedefliyor<\/div>\n<p class=\"no-margin\" style=\"text-align: center;\">Teknik Hizmetler sekt\u00f6r\u00fcnde 5. y\u0131l\u0131n\u0131 kutlayan Proasist, T\u00fcrkiye&#8217;nin her k\u00f6\u015fesinde ma\u011faza, restaurant, end\u00fcstriyel tesis, al\u0131\u015fveri\u015f merkezi, hastane gibi farkl\u0131 sekt\u00f6rlerden i\u015fletmelere periyodik koruyucu bak\u0131m ve teknik hizmetlerin tamam\u0131n\u0131 veriyor.<\/p>\n<p>T\u00fcrkiye&#8217;de yeni bir pazar yaratan Proasist, her temasta %100+ m\u00fc\u015fteri memnuniyetini hedefleyen, yer ve zamandan ba\u011f\u0131ms\u0131z, her konuda y\u00fcksek kaliteli, karl\u0131 teknik \u00e7\u00f6z\u00fcmler \u00fcreten bir marka haline geldi. Bunu yaparken de i\u015fletmelerin hayat\u0131na kolayl\u0131k, karl\u0131l\u0131k, renk ve nefes katan bir marka olmay\u0131 hedeflemektedir.<\/p>\n<p style=\"text-align: center;\"><a href=\"https:\/\/www.maxihaber.net\/proasist-uluslararasi-marka-olmayi-hedefliyor\" target=\"_blank\" rel=\"noopener\">Devam\u0131n\u0131 oku<\/a><\/p>\n<\/div><\/div><\/div><\/div><\/section><div class=\"vc_row-full-width vc_clearfix\"><\/div><section data-vc-full-width=\"true\" data-vc-full-width-init=\"false\" class=\"vc_row wpb_row vc_row-fluid  vc_custom_1719759288125 position-relative vc_row-has-fill pofo-stretch-content pofo-stretch-row-container vc_row-o-content-middle vc_row-flex\"><div class=\"wpb_column vc_column_container vc_col-sm-12  col-xs-mobile-fullwidth\"><div class=\"vc_column-inner \"><div class=\"wpb_wrapper\">[vc_video link=&#8221;https:\/\/www.youtube.com\/watch?v=fLOI0Kt0AhI&#8221; el_width=&#8221;70&#8243; align=&#8221;center&#8221;][vc_empty_space height=&#8221;5px&#8221;]<div class=\" vc_custom_1719759777418 last-paragraph-no-margin\" style=\"color: #727272;\"><div class=\"text-medium-gray text-extra-small margin-5px-bottom alt-font\" style=\"text-align: center;\">Haber tarihi: 20.04.2018<\/div>\n<div class=\"text-extra-dark-gray alt-font text-large font-weight-600 margin-15px-bottom display-block\" style=\"text-align: center;\">Proasist 28 May\u0131s 2016 Meslek Lisesi S\u0131n\u0131f A\u00e7\u0131l\u0131\u015f\u0131 \u00dcLKE TV<\/div>\n<\/div><\/div><\/div><\/div><\/section><div class=\"vc_row-full-width vc_clearfix\"><\/div>\n<\/section>","protected":false},"excerpt":{"rendered":"Ya\u015famdan g\u00f6r\u00fcnt\u00fcler[vc_empty_space height=\"5px\"]Bas\u0131n Haberlerimiz[vc_single_image image=\"23138\" img_size=\"large\" alignment=\"center\"][vc_empty_space height=\"5px\"] \u0130n\u015faat &amp; Yat\u0131r\u0131m Dergisi Teknik hizmetler sekt\u00f6r\u00fc i\u00e7in ProAsist \u00c7\u00f6z\u00fcm Platformu kuruluyor. Sekt\u00f6r\u00fc d\u00f6n\u00fc\u015ft\u00fcrmek, iyile\u015ftirmek ve yukar\u0131lara ta\u015f\u0131mak i\u00e7in \u00e7al\u0131\u015fmalarda bulunan ProAsist, T\u00fcrkiye'nin d\u00f6rt bir yan\u0131ndaki teknik hizmetler payda\u015flar\u0131n\u0131 ProAsist De\u011fer Ortaklar\u0131 Bulu\u015fmas\u0131'nda bir araya getirdi. Toplant\u0131da teknik hizmetler sekt\u00f6r\u00fcne s\u00fcrd\u00fcr\u00fclebilir itibar sa\u011flamak hedefiyle kurulan ProAsist \u00c7\u00f6z\u00fcm Platformu da tan\u0131n\u0131t\u0131ld\u0131. [vc_video link=\"https:\/\/www.youtube.com\/watch?v=IKWg6Aev7eA\" el_width=\"70\" align=\"center\"][vc_empty_space height=\"5px\"]Haber tarihi: 26.04.2019 ProAsist YKB \u00d6ner \u00c7ELEB\u0130 Ekot\u00fcrk Yay\u0131n\u0131 ProAsist Y\u00f6netim Kurulu Ba\u015fkan\u0131 \u00d6ner \u00c7ELEB\u0130, Ekot\u00fcrk Kanal\u0131nda Teknik Hizmet Sekt\u00f6r\u00fc' n\u00fc ve Teknik Hizmet Sekt\u00f6r\u00fcnde ProAsist ' in \u00fcstlendi\u011fi misyonu anlat\u0131yor. [vc_single_image image=\"23147\" img_size=\"large\" alignment=\"center\"][vc_empty_space height=\"5px\"]milliyet.com.tr Proasist, 2018 T\u00fcrkiye Vizyon Toplant\u0131s\u0131 Ger\u00e7ekle\u015fti Bir\u00e7ok hizmeti b\u00fcnyesinde bar\u0131nd\u0131ran hizmet firmas\u0131 Proasist, \u00e7\u00f6z\u00fcm ortaklar\u0131yla 2018 T\u00fcrkiye vizyon toplant\u0131s\u0131n\u0131 \u0130stanbul'da ger\u00e7ekle\u015ftirdi. Zincir ma\u011faza, restoran, end\u00fcstriyel tesis, al\u0131\u015fveri\u015f merkezi, hastane, e\u011fitim kurumlar\u0131, spor salonlar\u0131 gibi farkl\u0131 sekt\u00f6rlerden i\u015fletmelerin t\u00fcm T\u00fcrkiye'de yakla\u015f\u0131k 12 bin m\u00fc\u015fteri noktas\u0131nda hizmet veren Proasist, 2018 Vizyon toplant\u0131s\u0131n\u0131 \u0130stanbul'da bir otelde ger\u00e7ekle\u015ftirdi. Devam\u0131n\u0131 oku [vc_single_image image=\"23149\" img_size=\"large\" alignment=\"center\"][vc_empty_space height=\"5px\"]oncevatan.com.tr Proasist en iyi hizmet markas\u0131 olma yolunda ilerliyor Bir i\u015fletmenin ihtiya\u00e7 duyabilece\u011fi t\u00fcm teknik hizmetleri tek bir \u00e7at\u0131 alt\u0131nda toplayan ilk ve tek T\u00fcrk firmas\u0131 Proasist, pek \u00e7ok farkl\u0131 ihtiyaca \u00e7\u00f6z\u00fcm sunuyor. 2010 y\u0131l\u0131ndan bu yana T\u00fcrkiye'nin her k\u00f6\u015fesinden ma\u011faza, restaurant,...","protected":false},"author":1,"featured_media":0,"parent":0,"menu_order":0,"comment_status":"closed","ping_status":"closed","template":"","meta":{"footnotes":""},"class_list":["post-23128","page","type-page","status-publish","hentry"],"aioseo_notices":[],"_links":{"self":[{"href":"https:\/\/proasist.com.tr\/index.php?rest_route=\/wp\/v2\/pages\/23128","targetHints":{"allow":["GET"]}}],"collection":[{"href":"https:\/\/proasist.com.tr\/index.php?rest_route=\/wp\/v2\/pages"}],"about":[{"href":"https:\/\/proasist.com.tr\/index.php?rest_route=\/wp\/v2\/types\/page"}],"author":[{"embeddable":true,"href":"https:\/\/proasist.com.tr\/index.php?rest_route=\/wp\/v2\/users\/1"}],"replies":[{"embeddable":true,"href":"https:\/\/proasist.com.tr\/index.php?rest_route=%2Fwp%2Fv2%2Fcomments&post=23128"}],"version-history":[{"count":16,"href":"https:\/\/proasist.com.tr\/index.php?rest_route=\/wp\/v2\/pages\/23128\/revisions"}],"predecessor-version":[{"id":24000,"href":"https:\/\/proasist.com.tr\/index.php?rest_route=\/wp\/v2\/pages\/23128\/revisions\/24000"}],"wp:attachment":[{"href":"https:\/\/proasist.com.tr\/index.php?rest_route=%2Fwp%2Fv2%2Fmedia&parent=23128"}],"curies":[{"name":"wp","href":"https:\/\/api.w.org\/{rel}","templated":true}]}}