{"id":23223,"date":"2024-07-07T23:58:18","date_gmt":"2024-07-07T20:58:18","guid":{"rendered":"http:\/\/canercelebi.com\/ProAsist\/?page_id=23223"},"modified":"2024-12-11T01:17:52","modified_gmt":"2024-12-10T22:17:52","slug":"iletisim-bilgilerimiz","status":"publish","type":"page","link":"https:\/\/proasist.com.tr\/?page_id=23223","title":{"rendered":"\u0130leti\u015fim Bilgilerimiz"},"content":{"rendered":"<section class=\"wpb-content-wrapper\"><section data-vc-full-width=\"true\" data-vc-full-width-init=\"false\" data-vc-stretch-content=\"true\" data-parallax-background-ratio=\"0.5\" class=\"vc_row wpb_row vc_row-fluid  vc_custom_1730728807107 vc_row-has-fill pofo-stretch-content parallax pofo-row-responsive-69e41fa90e859\"><div class=\"bg-extra-dark-gray bg-overlay\" style=\"opacity:0.7; background-color:rgba(0,0,0,0.47); \"><\/div><div class=\"wpb_column vc_column_container full-screen vc_col-sm-12 vc_col-lg-12 vc_col-md-7 vc_hidden-sm col-xs-mobile-fullwidth text-center\"><div class=\"vc_column-inner \"><div class=\"wpb_wrapper\"><h6 class=\"text-extra-dark-gray margin-20px-bottom font-weight-600 display-inline-block alt-font dynamic-font-size text-none heading-style2  vc_custom_1720385889733 pofo-button-responsive-69e41fa90eab8  heading-1\"  style=\"font-weight: 400; font-style: italic; color: #ffffff;\">Bize Ula\u015f\u0131n<\/h6>[vc_empty_space height=&#8221;5px&#8221;]<h1 class=\"text-extra-dark-gray margin-20px-bottom font-weight-600 display-inline-block alt-font dynamic-font-size text-none heading-style2 pofo-button-responsive-69e41fa90eb2c  heading-2\"  style=\"font-weight: 700; color: #ffffff;\">\u0130leti\u015fim<\/h1><\/div><\/div><\/div><\/section><div class=\"vc_row-full-width vc_clearfix\"><\/div><section class=\"vc_row wpb_row vc_row-fluid  vc_custom_1720385983223 vc_row-has-fill\"><div class=\"wpb_column vc_column_container vc_col-sm-4  col-xs-mobile-fullwidth\"><div class=\"vc_column-inner \"><div class=\"wpb_wrapper\"><\/div><\/div><\/div><div class=\"wpb_column vc_column_container vc_col-sm-4  col-xs-mobile-fullwidth\"><div class=\"vc_column-inner \"><div class=\"wpb_wrapper\"><div class=\"last-paragraph-no-margin\" style=\"color: #ffffff;\"><div class=\"alt-font color=\" style=\"text-align: center;\">\n<div class=\"alt-font text-deep-pink margin-10px-bottom text-medium\">Genel M\u00fcd\u00fcrl\u00fck<\/div>\n<p class=\"text-white width-80 center-col display-inline-block xs-width-100\">Sultan Selim Mah.<br \/>\nYunus Emre Caddesi Top\u00e7u \u0130\u015fmerkezi No:1 Kat:4 D:10<br \/>\n34415 4. Levent \/ Ka\u011f\u0131thane \/ \u0130stanbul<\/p>\n<p>Tel.: 444 28 90<br \/>\ninfo@proasist.com.tr<\/p>\n<\/div>\n<\/div>[vc_empty_space][vc_gmaps link=&#8221;#E-8_JTNDaWZyYW1lJTIwc3JjJTNEJTIyaHR0cHMlM0ElMkYlMkZ3d3cuZ29vZ2xlLmNvbSUyRm1hcHMlMkZlbWJlZCUzRnBiJTNEJTIxMW0xNCUyMTFtOCUyMTFtMyUyMTFkNjAxMy44Mjk2MTM5ODYzOTglMjEyZDI5LjAwNDAwNjAwMDAwMDAwNCUyMTNkNDEuMDkyNzA4JTIxM20yJTIxMWkxMDI0JTIxMmk3NjglMjE0ZjEzLjElMjEzbTMlMjExbTIlMjExczB4MTRjYWI3NzkxNDY5NmNhOSUyNTNBMHg5NjM5MjdkZTIyNjhkNDFlJTIxMnNQcm9hc2lzdCUyNTIwVGVrbmlrJTI1MjBIaXptZXRsZXIlMjE1ZTAlMjEzbTIlMjExc3RyJTIxMnN0ciUyMTR2MTcyMDM4NjAwMjc2NCUyMTVtMiUyMTFzdHIlMjEyc3RyJTIyJTIwd2lkdGglM0QlMjI2MDAlMjIlMjBoZWlnaHQlM0QlMjI0NTAlMjIlMjBzdHlsZSUzRCUyMmJvcmRlciUzQTAlM0IlMjIlMjBhbGxvd2Z1bGxzY3JlZW4lM0QlMjIlMjIlMjBsb2FkaW5nJTNEJTIybGF6eSUyMiUyMHJlZmVycmVycG9saWN5JTNEJTIybm8tcmVmZXJyZXItd2hlbi1kb3duZ3JhZGUlMjIlM0UlM0MlMkZpZnJhbWUlM0U=&#8221;][vc_empty_space]<div class=\"last-paragraph-no-margin\" style=\"color: #ffffff;\"><div class=\"alt-font text-deep-pink margin-10px-bottom text-medium\" style=\"text-align: center;\">\n<div class=\"alt-font text-deep-pink margin-10px-bottom text-medium\">Trakya \u015eubesi<\/div>\n<p class=\"text-white width-80 center-col display-inline-block xs-width-100\">Gazi Mustafa Kemal Pa\u015fa Mah. Kahramanlar Sokak No 22\/4<br \/>\n\u00c7erkezk\u00f6y &#8211; TEK\u0130RDA\u011e<br \/>\nTel.: 444 28 90<\/p>\n<\/div>\n<\/div>[vc_empty_space]<div class=\"last-paragraph-no-margin\" style=\"color: #ffffff;\"><div class=\"alt-font text-deep-pink margin-10px-bottom text-medium\" style=\"text-align: center;\">\n<div class=\"alt-font text-deep-pink margin-10px-bottom text-medium\">\n<div class=\"alt-font text-deep-pink margin-10px-bottom text-medium\">Ankara \u015eubesi<\/div>\n<p class=\"text-white width-80 center-col display-inline-block xs-width-100\">Tel: 444 28 90<\/p>\n<\/div>\n<\/div>\n<\/div>[vc_empty_space]<div class=\"last-paragraph-no-margin\" style=\"color: #ffffff;\"><div class=\"alt-font text-deep-pink margin-10px-bottom text-medium\" style=\"text-align: center;\">\n<div class=\"alt-font text-deep-pink margin-10px-bottom text-medium\">\n<div class=\"alt-font text-deep-pink margin-10px-bottom text-medium\">\n<div class=\"alt-font text-deep-pink margin-10px-bottom text-medium\">\u0130zmir \u015eubesi<\/div>\n<p class=\"text-white width-80 center-col display-inline-block xs-width-100\">Tel: 444 28 90<\/p>\n<\/div>\n<\/div>\n<\/div>\n<\/div>[vc_empty_space]<div class=\"last-paragraph-no-margin\" style=\"color: #ffffff;\"><div class=\"alt-font text-deep-pink margin-10px-bottom text-medium\" style=\"text-align: center;\">\n<div class=\"alt-font text-deep-pink margin-10px-bottom text-medium\">\n<div class=\"alt-font text-deep-pink margin-10px-bottom text-medium\">\n<div class=\"alt-font text-deep-pink margin-10px-bottom text-medium\">\n<div class=\"alt-font text-deep-pink margin-10px-bottom text-medium\">Adana \u015eubesi<\/div>\n<p class=\"text-white width-80 center-col display-inline-block xs-width-100\">Tel: 444 28 90<\/p>\n<\/div>\n<\/div>\n<\/div>\n<\/div>\n<\/div><\/div><\/div><\/div><div class=\"wpb_column vc_column_container vc_col-sm-4  col-xs-mobile-fullwidth\"><div class=\"vc_column-inner \"><div class=\"wpb_wrapper\"><\/div><\/div><\/div><\/section>\n<\/section>","protected":false},"excerpt":{"rendered":"Bize Ula\u015f\u0131n[vc_empty_space height=\"5px\"]\u0130leti\u015fim Genel M\u00fcd\u00fcrl\u00fck Sultan Selim Mah. Yunus Emre Caddesi Top\u00e7u \u0130\u015fmerkezi No:1 Kat:4 D:10 34415 4. Levent \/ Ka\u011f\u0131thane \/ \u0130stanbul Tel.: 444 28 90 info@proasist.com.tr [vc_empty_space][vc_gmaps link=\"#E-8_JTNDaWZyYW1lJTIwc3JjJTNEJTIyaHR0cHMlM0ElMkYlMkZ3d3cuZ29vZ2xlLmNvbSUyRm1hcHMlMkZlbWJlZCUzRnBiJTNEJTIxMW0xNCUyMTFtOCUyMTFtMyUyMTFkNjAxMy44Mjk2MTM5ODYzOTglMjEyZDI5LjAwNDAwNjAwMDAwMDAwNCUyMTNkNDEuMDkyNzA4JTIxM20yJTIxMWkxMDI0JTIxMmk3NjglMjE0ZjEzLjElMjEzbTMlMjExbTIlMjExczB4MTRjYWI3NzkxNDY5NmNhOSUyNTNBMHg5NjM5MjdkZTIyNjhkNDFlJTIxMnNQcm9hc2lzdCUyNTIwVGVrbmlrJTI1MjBIaXptZXRsZXIlMjE1ZTAlMjEzbTIlMjExc3RyJTIxMnN0ciUyMTR2MTcyMDM4NjAwMjc2NCUyMTVtMiUyMTFzdHIlMjEyc3RyJTIyJTIwd2lkdGglM0QlMjI2MDAlMjIlMjBoZWlnaHQlM0QlMjI0NTAlMjIlMjBzdHlsZSUzRCUyMmJvcmRlciUzQTAlM0IlMjIlMjBhbGxvd2Z1bGxzY3JlZW4lM0QlMjIlMjIlMjBsb2FkaW5nJTNEJTIybGF6eSUyMiUyMHJlZmVycmVycG9saWN5JTNEJTIybm8tcmVmZXJyZXItd2hlbi1kb3duZ3JhZGUlMjIlM0UlM0MlMkZpZnJhbWUlM0U=\"][vc_empty_space] Trakya \u015eubesi Gazi Mustafa Kemal Pa\u015fa Mah. Kahramanlar Sokak No 22\/4 \u00c7erkezk\u00f6y - TEK\u0130RDA\u011e Tel.: 444 28 90 [vc_empty_space] Ankara \u015eubesi Tel: 444 28 90 [vc_empty_space] \u0130zmir \u015eubesi Tel: 444 28 90 [vc_empty_space] Adana \u015eubesi Tel: 444 28 90","protected":false},"author":1,"featured_media":0,"parent":0,"menu_order":0,"comment_status":"closed","ping_status":"closed","template":"","meta":{"footnotes":""},"class_list":["post-23223","page","type-page","status-publish","hentry"],"aioseo_notices":[],"_links":{"self":[{"href":"https:\/\/proasist.com.tr\/index.php?rest_route=\/wp\/v2\/pages\/23223","targetHints":{"allow":["GET"]}}],"collection":[{"href":"https:\/\/proasist.com.tr\/index.php?rest_route=\/wp\/v2\/pages"}],"about":[{"href":"https:\/\/proasist.com.tr\/index.php?rest_route=\/wp\/v2\/types\/page"}],"author":[{"embeddable":true,"href":"https:\/\/proasist.com.tr\/index.php?rest_route=\/wp\/v2\/users\/1"}],"replies":[{"embeddable":true,"href":"https:\/\/proasist.com.tr\/index.php?rest_route=%2Fwp%2Fv2%2Fcomments&post=23223"}],"version-history":[{"count":19,"href":"https:\/\/proasist.com.tr\/index.php?rest_route=\/wp\/v2\/pages\/23223\/revisions"}],"predecessor-version":[{"id":23840,"href":"https:\/\/proasist.com.tr\/index.php?rest_route=\/wp\/v2\/pages\/23223\/revisions\/23840"}],"wp:attachment":[{"href":"https:\/\/proasist.com.tr\/index.php?rest_route=%2Fwp%2Fv2%2Fmedia&parent=23223"}],"curies":[{"name":"wp","href":"https:\/\/api.w.org\/{rel}","templated":true}]}}