{"id":23837,"date":"2024-12-11T01:17:40","date_gmt":"2024-12-10T22:17:40","guid":{"rendered":"https:\/\/proasist.com.tr\/?page_id=23837"},"modified":"2024-12-11T01:50:00","modified_gmt":"2024-12-10T22:50:00","slug":"iletisim-bilgilerimiz-2","status":"publish","type":"page","link":"https:\/\/proasist.com.tr\/?page_id=23837","title":{"rendered":"\u00c7\u00f6z\u00fcm Ortaklar\u0131 Ba\u015fvuru Formu"},"content":{"rendered":"<section class=\"wpb-content-wrapper\"><section class=\"vc_row wpb_row vc_row-fluid\"><div class=\"wpb_column vc_column_container vc_col-sm-4  col-xs-mobile-fullwidth\"><div class=\"vc_column-inner \"><div class=\"wpb_wrapper\"><\/div><\/div><\/div><div class=\"wpb_column vc_column_container vc_col-sm-4  col-xs-mobile-fullwidth\"><div class=\"vc_column-inner \"><div class=\"wpb_wrapper\">[vc_custom_heading text=&#8221;\u00c7\u00f6z\u00fcm Orta\u011f\u0131 Ba\u015fvuru Formu&#8221; font_container=&#8221;tag:h6|text_align:left&#8221; google_fonts=&#8221;font_family:Roboto%3A100%2C100italic%2C300%2C300italic%2Cregular%2Citalic%2C500%2C500italic%2C700%2C700italic%2C900%2C900italic|font_style:500%20bold%20regular%3A500%3Anormal&#8221;]<div class=\"last-paragraph-no-margin\"><p>Ba\u015fvuru formunu eksiksiz doldurarak g\u00f6nderiniz, size en k\u0131sa s\u00fcrede geri d\u00f6n\u00fc\u015f yap\u0131lacakt\u0131r.<\/p>\n<\/div><div class=\"wpforms-container wpforms-container-full wpforms-render-modern\" id=\"wpforms-23845\"><form id=\"wpforms-form-23845\" class=\"wpforms-validate wpforms-form wpforms-ajax-form\" data-formid=\"23845\" method=\"post\" enctype=\"multipart\/form-data\" action=\"\/index.php?rest_route=%2Fwp%2Fv2%2Fpages%2F23837\" data-token=\"33a597fe3569a7a24e328a53a002ce94\" data-token-time=\"1777213482\"><noscript class=\"wpforms-error-noscript\">Bu formu bitirebilmek i\u00e7in taray\u0131c\u0131n\u0131zda JavaScript&#039;i etkinle\u015ftirin.<\/noscript><div class=\"wpforms-hidden\" id=\"wpforms-error-noscript\">Bu formu bitirebilmek i\u00e7in taray\u0131c\u0131n\u0131zda JavaScript&#039;i etkinle\u015ftirin.<\/div><div class=\"wpforms-field-container\"><div id=\"wpforms-23845-field_1-container\" class=\"wpforms-field wpforms-field-text\" data-field-id=\"1\"><label class=\"wpforms-field-label\" for=\"wpforms-23845-field_1\">Firman\u0131n \u00dcnvan\u0131 <span class=\"wpforms-required-label\" aria-hidden=\"true\">*<\/span><\/label><input type=\"text\" id=\"wpforms-23845-field_1\" class=\"wpforms-field-medium wpforms-field-required\" name=\"wpforms[fields][1]\" aria-errormessage=\"wpforms-23845-field_1-error\" required><\/div><div id=\"wpforms-23845-field_3-container\" class=\"wpforms-field wpforms-field-text\" data-field-id=\"3\"><label class=\"wpforms-field-label\" for=\"wpforms-23845-field_3\">Firma Sahibinin Ad\u0131 - Soyad\u0131 <span class=\"wpforms-required-label\" aria-hidden=\"true\">*<\/span><\/label><input type=\"text\" id=\"wpforms-23845-field_3\" class=\"wpforms-field-medium wpforms-field-required\" name=\"wpforms[fields][3]\" aria-errormessage=\"wpforms-23845-field_3-error\" required><\/div><div id=\"wpforms-23845-field_19-container\" class=\"wpforms-field wpforms-field-text\" data-field-id=\"19\"><label class=\"wpforms-field-label\" for=\"wpforms-23845-field_19\">Cep Telefonu<\/label><input type=\"text\" id=\"wpforms-23845-field_19\" class=\"wpforms-field-medium\" name=\"wpforms[fields][19]\" aria-errormessage=\"wpforms-23845-field_19-error\" ><\/div><div id=\"wpforms-23845-field_5-container\" class=\"wpforms-field wpforms-field-email\" data-field-id=\"5\"><label class=\"wpforms-field-label\" for=\"wpforms-23845-field_5\">E-posta <span class=\"wpforms-required-label\" aria-hidden=\"true\">*<\/span><\/label><input type=\"email\" id=\"wpforms-23845-field_5\" class=\"wpforms-field-medium wpforms-field-required\" name=\"wpforms[fields][5]\" spellcheck=\"false\" aria-errormessage=\"wpforms-23845-field_5-error\" required><\/div><div id=\"wpforms-23845-field_7-container\" class=\"wpforms-field wpforms-field-text\" data-field-id=\"7\"><label class=\"wpforms-field-label\" for=\"wpforms-23845-field_7\">Web Sitesi<\/label><input type=\"text\" id=\"wpforms-23845-field_7\" class=\"wpforms-field-medium\" name=\"wpforms[fields][7]\" aria-errormessage=\"wpforms-23845-field_7-error\" ><\/div><div id=\"wpforms-23845-field_8-container\" class=\"wpforms-field wpforms-field-text\" data-field-id=\"8\"><label class=\"wpforms-field-label\" for=\"wpforms-23845-field_8\">\u0130l <span class=\"wpforms-required-label\" aria-hidden=\"true\">*<\/span><\/label><input type=\"text\" id=\"wpforms-23845-field_8\" class=\"wpforms-field-medium wpforms-field-required\" name=\"wpforms[fields][8]\" aria-errormessage=\"wpforms-23845-field_8-error\" required><\/div><div id=\"wpforms-23845-field_9-container\" class=\"wpforms-field wpforms-field-text\" data-field-id=\"9\"><label class=\"wpforms-field-label\" for=\"wpforms-23845-field_9\">\u0130l\u00e7e <span class=\"wpforms-required-label\" aria-hidden=\"true\">*<\/span><\/label><input type=\"text\" id=\"wpforms-23845-field_9\" class=\"wpforms-field-medium wpforms-field-required\" name=\"wpforms[fields][9]\" aria-errormessage=\"wpforms-23845-field_9-error\" required><\/div><div id=\"wpforms-23845-field_10-container\" class=\"wpforms-field wpforms-field-text\" data-field-id=\"10\"><label class=\"wpforms-field-label\" for=\"wpforms-23845-field_10\">Semt <span class=\"wpforms-required-label\" aria-hidden=\"true\">*<\/span><\/label><input type=\"text\" id=\"wpforms-23845-field_10\" class=\"wpforms-field-medium wpforms-field-required\" name=\"wpforms[fields][10]\" aria-errormessage=\"wpforms-23845-field_10-error\" required><\/div><div id=\"wpforms-23845-field_11-container\" class=\"wpforms-field wpforms-field-text\" data-field-id=\"11\"><label class=\"wpforms-field-label\" for=\"wpforms-23845-field_11\">Adres <span class=\"wpforms-required-label\" aria-hidden=\"true\">*<\/span><\/label><input type=\"text\" id=\"wpforms-23845-field_11\" class=\"wpforms-field-medium wpforms-field-required\" name=\"wpforms[fields][11]\" aria-errormessage=\"wpforms-23845-field_11-error\" required><\/div><div id=\"wpforms-23845-field_12-container\" class=\"wpforms-field wpforms-field-text\" data-field-id=\"12\"><label class=\"wpforms-field-label\" for=\"wpforms-23845-field_12\">\u0130\u015f Telefonu <span class=\"wpforms-required-label\" aria-hidden=\"true\">*<\/span><\/label><input type=\"text\" id=\"wpforms-23845-field_12\" class=\"wpforms-field-medium wpforms-field-required\" name=\"wpforms[fields][12]\" aria-errormessage=\"wpforms-23845-field_12-error\" required><\/div><div id=\"wpforms-23845-field_13-container\" class=\"wpforms-field wpforms-field-text\" data-field-id=\"13\"><label class=\"wpforms-field-label\" for=\"wpforms-23845-field_13\">\u00c7al\u0131\u015fan Personel Say\u0131s\u0131 <span class=\"wpforms-required-label\" aria-hidden=\"true\">*<\/span><\/label><input type=\"text\" id=\"wpforms-23845-field_13\" class=\"wpforms-field-medium wpforms-field-required\" name=\"wpforms[fields][13]\" aria-errormessage=\"wpforms-23845-field_13-error\" required><\/div><div id=\"wpforms-23845-field_14-container\" class=\"wpforms-field wpforms-field-checkbox\" data-field-id=\"14\"><fieldset><legend class=\"wpforms-field-label\">Hizmet Verilen Konular<\/legend><ul id=\"wpforms-23845-field_14\"><li class=\"choice-1 depth-1\"><input type=\"checkbox\" id=\"wpforms-23845-field_14_1\" name=\"wpforms[fields][14][]\" value=\"Mekanik\" aria-errormessage=\"wpforms-23845-field_14_1-error\"  ><label class=\"wpforms-field-label-inline\" for=\"wpforms-23845-field_14_1\">Mekanik<\/label><\/li><li class=\"choice-2 depth-1\"><input type=\"checkbox\" id=\"wpforms-23845-field_14_2\" name=\"wpforms[fields][14][]\" value=\"Is\u0131tma ve So\u011futma Sistemleri\" aria-errormessage=\"wpforms-23845-field_14_2-error\"  ><label class=\"wpforms-field-label-inline\" for=\"wpforms-23845-field_14_2\">Is\u0131tma ve So\u011futma Sistemleri<\/label><\/li><li class=\"choice-3 depth-1\"><input type=\"checkbox\" id=\"wpforms-23845-field_14_3\" name=\"wpforms[fields][14][]\" value=\"Dayan\u0131kl\u0131 T\u00fcketim Mamulleri\" aria-errormessage=\"wpforms-23845-field_14_3-error\"  ><label class=\"wpforms-field-label-inline\" for=\"wpforms-23845-field_14_3\">Dayan\u0131kl\u0131 T\u00fcketim Mamulleri<\/label><\/li><li class=\"choice-4 depth-1\"><input type=\"checkbox\" id=\"wpforms-23845-field_14_4\" name=\"wpforms[fields][14][]\" value=\"Is\u0131 Pompalar\u0131\" aria-errormessage=\"wpforms-23845-field_14_4-error\"  ><label class=\"wpforms-field-label-inline\" for=\"wpforms-23845-field_14_4\">Is\u0131 Pompalar\u0131<\/label><\/li><li class=\"choice-5 depth-1\"><input type=\"checkbox\" id=\"wpforms-23845-field_14_5\" name=\"wpforms[fields][14][]\" value=\"Yang\u0131n Sistemleri\" aria-errormessage=\"wpforms-23845-field_14_5-error\"  ><label class=\"wpforms-field-label-inline\" for=\"wpforms-23845-field_14_5\">Yang\u0131n Sistemleri<\/label><\/li><li class=\"choice-6 depth-1\"><input type=\"checkbox\" id=\"wpforms-23845-field_14_6\" name=\"wpforms[fields][14][]\" value=\"S\u0131hhi Tesisat\" aria-errormessage=\"wpforms-23845-field_14_6-error\"  ><label class=\"wpforms-field-label-inline\" for=\"wpforms-23845-field_14_6\">S\u0131hhi Tesisat<\/label><\/li><\/ul><\/fieldset><\/div><div id=\"wpforms-23845-field_15-container\" class=\"wpforms-field wpforms-field-checkbox\" data-field-id=\"15\"><fieldset><legend class=\"wpforms-field-label wpforms-label-hide\" aria-hidden=\"false\">Hizmet Verilen Konular - 2<\/legend><ul id=\"wpforms-23845-field_15\"><li class=\"choice-1 depth-1\"><input type=\"checkbox\" id=\"wpforms-23845-field_15_1\" name=\"wpforms[fields][15][]\" value=\"Elektrik\" aria-errormessage=\"wpforms-23845-field_15_1-error\"  ><label class=\"wpforms-field-label-inline\" for=\"wpforms-23845-field_15_1\">Elektrik<\/label><\/li><li class=\"choice-2 depth-1\"><input type=\"checkbox\" id=\"wpforms-23845-field_15_2\" name=\"wpforms[fields][15][]\" value=\"Zay\u0131f Ak\u0131m\" aria-errormessage=\"wpforms-23845-field_15_2-error\"  ><label class=\"wpforms-field-label-inline\" for=\"wpforms-23845-field_15_2\">Zay\u0131f Ak\u0131m<\/label><\/li><li class=\"choice-3 depth-1\"><input type=\"checkbox\" id=\"wpforms-23845-field_15_3\" name=\"wpforms[fields][15][]\" value=\"Jenerat\u00f6r\" aria-errormessage=\"wpforms-23845-field_15_3-error\"  ><label class=\"wpforms-field-label-inline\" for=\"wpforms-23845-field_15_3\">Jenerat\u00f6r<\/label><\/li><li class=\"choice-4 depth-1\"><input type=\"checkbox\" id=\"wpforms-23845-field_15_4\" name=\"wpforms[fields][15][]\" value=\"UPS\" aria-errormessage=\"wpforms-23845-field_15_4-error\"  ><label class=\"wpforms-field-label-inline\" for=\"wpforms-23845-field_15_4\">UPS<\/label><\/li><li class=\"choice-5 depth-1\"><input type=\"checkbox\" id=\"wpforms-23845-field_15_5\" name=\"wpforms[fields][15][]\" value=\"Kazan - Kaskat Sistemleri\" aria-errormessage=\"wpforms-23845-field_15_5-error\"  ><label class=\"wpforms-field-label-inline\" for=\"wpforms-23845-field_15_5\">Kazan - Kaskat Sistemleri<\/label><\/li><li class=\"choice-6 depth-1\"><input type=\"checkbox\" id=\"wpforms-23845-field_15_6\" name=\"wpforms[fields][15][]\" value=\"Kepenk\" aria-errormessage=\"wpforms-23845-field_15_6-error\"  ><label class=\"wpforms-field-label-inline\" for=\"wpforms-23845-field_15_6\">Kepenk<\/label><\/li><li class=\"choice-7 depth-1\"><input type=\"checkbox\" id=\"wpforms-23845-field_15_7\" name=\"wpforms[fields][15][]\" value=\"\u0130n\u015fai \u0130\u015fler\" aria-errormessage=\"wpforms-23845-field_15_7-error\"  ><label class=\"wpforms-field-label-inline\" for=\"wpforms-23845-field_15_7\">\u0130n\u015fai \u0130\u015fler<\/label><\/li><\/ul><\/fieldset><\/div><div id=\"wpforms-23845-field_16-container\" class=\"wpforms-field wpforms-field-text\" data-field-id=\"16\"><label class=\"wpforms-field-label\" for=\"wpforms-23845-field_16\">Di\u011fer<\/label><input type=\"text\" id=\"wpforms-23845-field_16\" class=\"wpforms-field-medium\" name=\"wpforms[fields][16]\" aria-errormessage=\"wpforms-23845-field_16-error\" ><\/div><div id=\"wpforms-23845-field_18-container\" class=\"wpforms-field wpforms-field-textarea\" data-field-id=\"18\"><label class=\"wpforms-field-label\" for=\"wpforms-23845-field_18\">Eklemek \u0130stedi\u011finiz Notlar<\/label><textarea id=\"wpforms-23845-field_18\" class=\"wpforms-field-medium\" name=\"wpforms[fields][18]\" aria-errormessage=\"wpforms-23845-field_18-error\" ><\/textarea><\/div><div id=\"wpforms-23845-field_36-container\" class=\"wpforms-field wpforms-field-layout\" data-field-id=\"36\"><div class=\"wpforms-field-layout-rows wpforms-field-large\"><div class=\"wpforms-layout-row\"><div class=\"wpforms-layout-column wpforms-layout-column-50\"><div id=\"wpforms-23845-field_37-container\" class=\"wpforms-field wpforms-field-gdpr-checkbox\" data-field-id=\"37\"><label class=\"wpforms-field-label wpforms-label-hide\" aria-hidden=\"false\">Ayd\u0131nlatma Metni Onay\u0131 <span class=\"wpforms-required-label\" aria-hidden=\"true\">*<\/span><\/label><ul id=\"wpforms-23845-field_37\" class=\"wpforms-field-required\"><li class=\"choice-1\"><input type=\"checkbox\" id=\"wpforms-23845-field_37_1\" name=\"wpforms[fields][37][]\" value=\"Ayd\u0131nlatma Metnini Onayl\u0131yorum.\" aria-errormessage=\"wpforms-23845-field_37_1-error\" required ><label class=\"wpforms-field-label-inline\" for=\"wpforms-23845-field_37_1\">Ayd\u0131nlatma Metnini Onayl\u0131yorum. <span class=\"wpforms-required-label\" aria-hidden=\"true\">*<\/span><\/label><\/li><\/ul><\/div><\/div><div class=\"wpforms-layout-column wpforms-layout-column-50\"><div id=\"wpforms-23845-field_40-container\" class=\"wpforms-field wpforms-field-content\" data-field-id=\"40\"><div id=\"wpforms-23845-field_40\" class=\"wpforms-field-medium wpforms-field-row\" aria-errormessage=\"wpforms-23845-field_40-error\"><p><a href=\"https:\/\/proasist.com.tr\/?page_id=22856#aydinlatma\" target=\"_blank\">Ayd\u0131nlatma Metni<\/a><\/p>\n<div class=\"wpforms-field-content-display-frontend-clear\"><\/div><\/div><\/div><\/div><\/div><\/div><\/div><\/div><!-- .wpforms-field-container --><div class=\"wpforms-submit-container\" ><input type=\"hidden\" name=\"wpforms[id]\" value=\"23845\"><input type=\"hidden\" name=\"page_title\" value=\"\"><input type=\"hidden\" name=\"page_url\" value=\"https:\/\/proasist.com.tr\/index.php?rest_route=\/wp\/v2\/pages\/23837\"><button type=\"submit\" name=\"wpforms[submit]\" id=\"wpforms-submit-23845\" class=\"wpforms-submit\" data-alt-text=\"G\u00f6nderiliyor...\" data-submit-text=\"G\u00f6nder\" aria-live=\"assertive\" value=\"wpforms-submit\">G\u00f6nder<\/button><img loading=\"lazy\" decoding=\"async\" src=\"https:\/\/proasist.com.tr\/wp-content\/plugins\/wpforms\/assets\/images\/submit-spin.svg\" class=\"wpforms-submit-spinner\" style=\"display: none;\" width=\"26\" height=\"26\" alt=\"Y\u00fckleniyor\"><\/div><\/form><\/div>  <!-- .wpforms-container --><\/div><\/div><\/div><div class=\"wpb_column vc_column_container vc_col-sm-4  col-xs-mobile-fullwidth\"><div class=\"vc_column-inner \"><div class=\"wpb_wrapper\"><\/div><\/div><\/div><\/section>\n<\/section>","protected":false},"excerpt":{"rendered":"[vc_custom_heading text=\"\u00c7\u00f6z\u00fcm Orta\u011f\u0131 Ba\u015fvuru Formu\" font_container=\"tag:h6|text_align:left\" google_fonts=\"font_family:Roboto%3A100%2C100italic%2C300%2C300italic%2Cregular%2Citalic%2C500%2C500italic%2C700%2C700italic%2C900%2C900italic|font_style:500%20bold%20regular%3A500%3Anormal\"]Ba\u015fvuru formunu eksiksiz doldurarak g\u00f6nderiniz, size en k\u0131sa s\u00fcrede geri d\u00f6n\u00fc\u015f yap\u0131lacakt\u0131r. Bu formu bitirebilmek i\u00e7in taray\u0131c\u0131n\u0131zda JavaScript&#039;i etkinle\u015ftirin.Bu formu bitirebilmek i\u00e7in taray\u0131c\u0131n\u0131zda JavaScript&#039;i etkinle\u015ftirin.Firman\u0131n \u00dcnvan\u0131 *Firma Sahibinin Ad\u0131 - Soyad\u0131 *Cep TelefonuE-posta *Web Sitesi\u0130l *\u0130l\u00e7e *Semt *Adres *\u0130\u015f Telefonu *\u00c7al\u0131\u015fan Personel Say\u0131s\u0131 *Hizmet Verilen KonularMekanikIs\u0131tma ve So\u011futma SistemleriDayan\u0131kl\u0131 T\u00fcketim MamulleriIs\u0131 Pompalar\u0131Yang\u0131n SistemleriS\u0131hhi TesisatHizmet Verilen Konular - 2ElektrikZay\u0131f Ak\u0131mJenerat\u00f6rUPSKazan - Kaskat SistemleriKepenk\u0130n\u015fai \u0130\u015flerDi\u011ferEklemek \u0130stedi\u011finiz NotlarAyd\u0131nlatma Metni Onay\u0131 *Ayd\u0131nlatma Metnini Onayl\u0131yorum. *Ayd\u0131nlatma Metni G\u00f6nder","protected":false},"author":1,"featured_media":0,"parent":0,"menu_order":0,"comment_status":"closed","ping_status":"closed","template":"","meta":{"footnotes":""},"class_list":["post-23837","page","type-page","status-publish","hentry"],"aioseo_notices":[],"_links":{"self":[{"href":"https:\/\/proasist.com.tr\/index.php?rest_route=\/wp\/v2\/pages\/23837","targetHints":{"allow":["GET"]}}],"collection":[{"href":"https:\/\/proasist.com.tr\/index.php?rest_route=\/wp\/v2\/pages"}],"about":[{"href":"https:\/\/proasist.com.tr\/index.php?rest_route=\/wp\/v2\/types\/page"}],"author":[{"embeddable":true,"href":"https:\/\/proasist.com.tr\/index.php?rest_route=\/wp\/v2\/users\/1"}],"replies":[{"embeddable":true,"href":"https:\/\/proasist.com.tr\/index.php?rest_route=%2Fwp%2Fv2%2Fcomments&post=23837"}],"version-history":[{"count":8,"href":"https:\/\/proasist.com.tr\/index.php?rest_route=\/wp\/v2\/pages\/23837\/revisions"}],"predecessor-version":[{"id":23852,"href":"https:\/\/proasist.com.tr\/index.php?rest_route=\/wp\/v2\/pages\/23837\/revisions\/23852"}],"wp:attachment":[{"href":"https:\/\/proasist.com.tr\/index.php?rest_route=%2Fwp%2Fv2%2Fmedia&parent=23837"}],"curies":[{"name":"wp","href":"https:\/\/api.w.org\/{rel}","templated":true}]}}